{"id":123,"date":"2017-02-27T19:17:15","date_gmt":"2017-02-27T18:17:15","guid":{"rendered":"http:\/\/www.hotelcanobilecorner.it\/hotel-ca-nobile-corner\/"},"modified":"2017-04-03T17:29:52","modified_gmt":"2017-04-03T15:29:52","slug":"hotel-ca-nobile-corner","status":"publish","type":"page","link":"https:\/\/www.hotelcanobilecorner.it\/de\/","title":{"rendered":"Hotel Ca&#8217; Nobile Corner"},"content":{"rendered":"<p>Das <strong>HOTEL CA &#8216;CORNER NOBILE<\/strong>, dessen Umbau im Januar 2017 beendet wurde, bietet 9 Zimmer in verschiedenen Gr\u00f6\u00dfen und Stylen. Jedes Zimmer wurde bis ins kleinste Detail wundersch\u00f6n mit allem Komfort ausgestattet. Die Zimmer sind zwischen dem Erdgeschoss und dem ersten Stock verteilt. Die Deluxe-Suite ergibt durch seine typischen venezianischen Fenster genannt QUADRIFORA einen sch\u00f6nen Aussblick auf den CAMPO SANTA MARGHERITA.<\/p>\n<p>Sehr sch\u00f6n ist der Innenhof in dem sich in der Mitte ein alter Brunnen aus dem XVI Jahrhunderts befindet den Sie sofort nach dem Eingang entdecken k\u00f6nnen. Eine wundersch\u00f6ne Treppe aus dem XV Jahrhundert bringt Sie in den ersten Stock hinauf.<\/p>\n<p>F\u00fcr Ihren Komfort gibt es auch einen Aufzug zwischen den beiden Etagen und in der ersten Etage befindet sich der elegant und sch\u00f6n hell eingerichtete Fr\u00fchst\u00fccksraum mit Blick auf CAMPO SANTA MARGHERITA. <\/p>\n<p>Das Management des Hotel CA &#8216;CORNER NOBILE wurde Herrn Fabio Mioni anvertraut, der schon der vierten Generation der Venedig-Hoteliers angeh\u00f6rt.  Er hat nach seinem Vorbild ein sehr professionelles und motiviertes Team gebildet um Ihnen einen wunderbaren Aufenthalt,  im Herzen von Venedig, eine der sch\u00f6nsten Stadt der Welt zu gew\u00e4hrleisten!<\/p>\n","protected":false},"excerpt":{"rendered":"<p>Das HOTEL CA &#8216;CORNER NOBILE, dessen Umbau im Januar 2017 beendet wurde, bietet 9 Zimmer in verschiedenen Gr\u00f6\u00dfen und Stylen. Jedes Zimmer wurde bis ins kleinste Detail wundersch\u00f6n mit allem Komfort ausgestattet. Die Zimmer sind zwischen dem Erdgeschoss und dem ersten Stock verteilt. Die Deluxe-Suite ergibt durch seine typischen venezianischen Fenster genannt QUADRIFORA einen sch\u00f6nen Aussblick auf den CAMPO SANTA MARGHERITA. Sehr sch\u00f6n ist der&#8230;<\/p>\n<p><a class=\"more-link\" href=\"https:\/\/www.hotelcanobilecorner.it\/de\/\">Read More<\/a><\/p>\n","protected":false},"author":1,"featured_media":0,"parent":0,"menu_order":0,"comment_status":"closed","ping_status":"closed","template":"home-template.php","meta":[],"yoast_head":"<!-- This site is optimized with the Yoast SEO plugin v17.8 - https:\/\/yoast.com\/wordpress\/plugins\/seo\/ -->\n<title>Hotel Ca&#039; Nobile Corner - Venedig - Official Website<\/title>\n<meta name=\"description\" content=\"Das HOTEL CA &#039;CORNER NOBILE, dessen Umbau im Januar 2017 beendet wurde, bietet 9 Zimmer in verschiedenen Gr\u00f6\u00dfen und Stylen. Jedes Zimmer wurde bis ins\" \/>\n<meta name=\"robots\" content=\"index, follow, max-snippet:-1, max-image-preview:large, max-video-preview:-1\" \/>\n<link rel=\"canonical\" href=\"https:\/\/www.hotelcanobilecorner.it\/de\/\" \/>\n<meta property=\"og:locale\" content=\"de_DE\" \/>\n<meta property=\"og:type\" content=\"article\" \/>\n<meta property=\"og:title\" content=\"Hotel Ca&#039; Nobile Corner - Venedig - Official Website\" \/>\n<meta property=\"og:description\" content=\"Das HOTEL CA &#039;CORNER NOBILE, dessen Umbau im Januar 2017 beendet wurde, bietet 9 Zimmer in verschiedenen Gr\u00f6\u00dfen und Stylen. Jedes Zimmer wurde bis ins\" \/>\n<meta property=\"og:url\" content=\"https:\/\/www.hotelcanobilecorner.it\/de\/\" \/>\n<meta property=\"og:site_name\" content=\"Hotel Ca&#039; Nobile Corner\" \/>\n<meta property=\"article:modified_time\" content=\"2017-04-03T15:29:52+00:00\" \/>\n<meta name=\"twitter:card\" content=\"summary\" \/>\n<meta name=\"twitter:label1\" content=\"Est. reading time\" \/>\n\t<meta name=\"twitter:data1\" content=\"1 minute\" \/>\n<script type=\"application\/ld+json\" class=\"yoast-schema-graph\">{\"@context\":\"https:\/\/schema.org\",\"@graph\":[{\"@type\":\"WebSite\",\"@id\":\"https:\/\/www.hotelcanobilecorner.it\/#website\",\"url\":\"https:\/\/www.hotelcanobilecorner.it\/\",\"name\":\"Hotel Ca&#039; Nobile Corner\",\"description\":\"\",\"potentialAction\":[{\"@type\":\"SearchAction\",\"target\":{\"@type\":\"EntryPoint\",\"urlTemplate\":\"https:\/\/www.hotelcanobilecorner.it\/?s={search_term_string}\"},\"query-input\":\"required name=search_term_string\"}],\"inLanguage\":\"de-DE\"},{\"@type\":\"WebPage\",\"@id\":\"https:\/\/www.hotelcanobilecorner.it\/de\/#webpage\",\"url\":\"https:\/\/www.hotelcanobilecorner.it\/de\/\",\"name\":\"Hotel Ca' Nobile Corner - Venedig - Official Website\",\"isPartOf\":{\"@id\":\"https:\/\/www.hotelcanobilecorner.it\/#website\"},\"datePublished\":\"2017-02-27T18:17:15+00:00\",\"dateModified\":\"2017-04-03T15:29:52+00:00\",\"description\":\"Das HOTEL CA 'CORNER NOBILE, dessen Umbau im Januar 2017 beendet wurde, bietet 9 Zimmer in verschiedenen Gr\\u00f6\\u00dfen und Stylen. Jedes Zimmer wurde bis ins\",\"breadcrumb\":{\"@id\":\"https:\/\/www.hotelcanobilecorner.it\/de\/#breadcrumb\"},\"inLanguage\":\"de-DE\",\"potentialAction\":[{\"@type\":\"ReadAction\",\"target\":[\"https:\/\/www.hotelcanobilecorner.it\/de\/\"]}]},{\"@type\":\"BreadcrumbList\",\"@id\":\"https:\/\/www.hotelcanobilecorner.it\/de\/#breadcrumb\",\"itemListElement\":[{\"@type\":\"ListItem\",\"position\":1,\"name\":\"Home\",\"item\":\"https:\/\/www.hotelcanobilecorner.it\/de\/\"},{\"@type\":\"ListItem\",\"position\":2,\"name\":\"Hotel Ca&#8217; Nobile Corner\"}]}]}<\/script>\n<!-- \/ Yoast SEO plugin. -->","yoast_head_json":{"title":"Hotel Ca' Nobile Corner - Venedig - Official Website","description":"Das HOTEL CA 'CORNER NOBILE, dessen Umbau im Januar 2017 beendet wurde, bietet 9 Zimmer in verschiedenen Gr\u00f6\u00dfen und Stylen. Jedes Zimmer wurde bis ins","robots":{"index":"index","follow":"follow","max-snippet":"max-snippet:-1","max-image-preview":"max-image-preview:large","max-video-preview":"max-video-preview:-1"},"canonical":"https:\/\/www.hotelcanobilecorner.it\/de\/","og_locale":"de_DE","og_type":"article","og_title":"Hotel Ca' Nobile Corner - Venedig - Official Website","og_description":"Das HOTEL CA 'CORNER NOBILE, dessen Umbau im Januar 2017 beendet wurde, bietet 9 Zimmer in verschiedenen Gr\u00f6\u00dfen und Stylen. Jedes Zimmer wurde bis ins","og_url":"https:\/\/www.hotelcanobilecorner.it\/de\/","og_site_name":"Hotel Ca&#039; Nobile Corner","article_modified_time":"2017-04-03T15:29:52+00:00","twitter_card":"summary","twitter_misc":{"Est. reading time":"1 minute"},"schema":{"@context":"https:\/\/schema.org","@graph":[{"@type":"WebSite","@id":"https:\/\/www.hotelcanobilecorner.it\/#website","url":"https:\/\/www.hotelcanobilecorner.it\/","name":"Hotel Ca&#039; Nobile Corner","description":"","potentialAction":[{"@type":"SearchAction","target":{"@type":"EntryPoint","urlTemplate":"https:\/\/www.hotelcanobilecorner.it\/?s={search_term_string}"},"query-input":"required name=search_term_string"}],"inLanguage":"de-DE"},{"@type":"WebPage","@id":"https:\/\/www.hotelcanobilecorner.it\/de\/#webpage","url":"https:\/\/www.hotelcanobilecorner.it\/de\/","name":"Hotel Ca' Nobile Corner - Venedig - Official Website","isPartOf":{"@id":"https:\/\/www.hotelcanobilecorner.it\/#website"},"datePublished":"2017-02-27T18:17:15+00:00","dateModified":"2017-04-03T15:29:52+00:00","description":"Das HOTEL CA 'CORNER NOBILE, dessen Umbau im Januar 2017 beendet wurde, bietet 9 Zimmer in verschiedenen Gr\u00f6\u00dfen und Stylen. Jedes Zimmer wurde bis ins","breadcrumb":{"@id":"https:\/\/www.hotelcanobilecorner.it\/de\/#breadcrumb"},"inLanguage":"de-DE","potentialAction":[{"@type":"ReadAction","target":["https:\/\/www.hotelcanobilecorner.it\/de\/"]}]},{"@type":"BreadcrumbList","@id":"https:\/\/www.hotelcanobilecorner.it\/de\/#breadcrumb","itemListElement":[{"@type":"ListItem","position":1,"name":"Home","item":"https:\/\/www.hotelcanobilecorner.it\/de\/"},{"@type":"ListItem","position":2,"name":"Hotel Ca&#8217; Nobile Corner"}]}]}},"_links":{"self":[{"href":"https:\/\/www.hotelcanobilecorner.it\/de\/wp-json\/wp\/v2\/pages\/123"}],"collection":[{"href":"https:\/\/www.hotelcanobilecorner.it\/de\/wp-json\/wp\/v2\/pages"}],"about":[{"href":"https:\/\/www.hotelcanobilecorner.it\/de\/wp-json\/wp\/v2\/types\/page"}],"author":[{"embeddable":true,"href":"https:\/\/www.hotelcanobilecorner.it\/de\/wp-json\/wp\/v2\/users\/1"}],"replies":[{"embeddable":true,"href":"https:\/\/www.hotelcanobilecorner.it\/de\/wp-json\/wp\/v2\/comments?post=123"}],"version-history":[{"count":2,"href":"https:\/\/www.hotelcanobilecorner.it\/de\/wp-json\/wp\/v2\/pages\/123\/revisions"}],"predecessor-version":[{"id":428,"href":"https:\/\/www.hotelcanobilecorner.it\/de\/wp-json\/wp\/v2\/pages\/123\/revisions\/428"}],"wp:attachment":[{"href":"https:\/\/www.hotelcanobilecorner.it\/de\/wp-json\/wp\/v2\/media?parent=123"}],"curies":[{"name":"wp","href":"https:\/\/api.w.org\/{rel}","templated":true}]}}