{"id":370,"date":"2017-03-15T12:36:13","date_gmt":"2017-03-15T11:36:13","guid":{"rendered":"http:\/\/www.hotelcanobilecorner.it\/lage\/"},"modified":"2017-04-28T15:03:18","modified_gmt":"2017-04-28T13:03:18","slug":"lage","status":"publish","type":"page","link":"https:\/\/www.hotelcanobilecorner.it\/de\/lage\/","title":{"rendered":"Lage"},"content":{"rendered":"<div class=\"wpgmp_map_container wpgmp-map-provider-google wpgmp-map-1\" rel=\"map1\" data-plugin-version=\"4.8.6\"><div class=\"wpgmp_map_parent\"><div class=\"wpgmp_map \" style=\"width:100%; height:500px;\" id=\"map1\" data-map-id=\"1\"><\/div><\/div><\/div><script>jQuery(document).ready(function($){ window.wpgmp = window.wpgmp || {}; window.wpgmp.mapdata1 = \"eyJhdXRvc29ydCI6dHJ1ZSwibWFwX29wdGlvbnMiOnsiY2VudGVyX2xhdCI6IjQ1LjQzNDA0NiIsImNlbnRlcl9sbmciOiIxMi4zMjMxNjciLCJ6b29tIjoxNSwibWFwX3R5cGVfaWQiOiJST0FETUFQIiwiY2VudGVyX2J5X25lYXJlc3QiOmZhbHNlLCJmaXRfYm91bmRzIjpmYWxzZSwic2hvd19jZW50ZXJfY2lyY2xlIjpmYWxzZSwic2hvd19jZW50ZXJfbWFya2VyIjpmYWxzZSwiZHJhZ2dhYmxlIjp0cnVlLCJpbmZvd2luZG93X3NraW4iOnsibmFtZSI6ImRlZmF1bHQiLCJ0eXBlIjoiaW5mb3dpbmRvdyJ9LCJpbmZvd2luZG93X2Ryb3BfYW5pbWF0aW9uIjpmYWxzZSwiY2xvc2VfaW5mb3dpbmRvd19vbl9tYXBfY2xpY2siOmZhbHNlLCJkZWZhdWx0X2luZm93aW5kb3dfb3BlbiI6ZmFsc2UsImluZm93aW5kb3dfb3Blbl9ldmVudCI6ImNsaWNrIiwibGlzdGluZ19pbmZvd2luZG93X29wZW5fZXZlbnQiOiJjbGljayIsImlzX21vYmlsZSI6ZmFsc2UsImluZm93aW5kb3dfZmlsdGVyX29ubHkiOmZhbHNlLCJpbmZvd2luZG93X2NsaWNrX2NoYW5nZV9jZW50ZXIiOmZhbHNlLCJmdWxsX3NjcmVlbl9jb250cm9sIjp0cnVlLCJjYW1lcmFfY29udHJvbCI6ZmFsc2UsInNlYXJjaF9jb250cm9sIjp0cnVlLCJ6b29tX2NvbnRyb2wiOnRydWUsIm1hcF90eXBlX2NvbnRyb2wiOnRydWUsInN0cmVldF92aWV3X2NvbnRyb2wiOnRydWUsImxvY2F0ZW1lX2NvbnRyb2wiOmZhbHNlLCJtb2JpbGVfc3BlY2lmaWMiOmZhbHNlLCJ6b29tX21vYmlsZSI6NSwiZHJhZ2dhYmxlX21vYmlsZSI6dHJ1ZSwic2Nyb2xsX3doZWVsX21vYmlsZSI6dHJ1ZSwiem9vbV9jb250cm9sX3Bvc2l0aW9uIjoiVE9QX0xFRlQiLCJtYXBfdHlwZV9jb250cm9sX3Bvc2l0aW9uIjoiVE9QX1JJR0hUIiwibWFwX3R5cGVfY29udHJvbF9zdHlsZSI6IkhPUklaT05UQUxfQkFSIiwic3RyZWV0X3ZpZXdfY29udHJvbF9wb3NpdGlvbiI6IlRPUF9MRUZUIiwibWFwX2luZm93aW5kb3dfY3VzdG9taXNhdGlvbnMiOmZhbHNlLCJpbmZvd2luZG93X3dpZHRoIjoiMTAwJSIsInNob3dfaW5mb3dpbmRvd19oZWFkZXIiOmZhbHNlLCJ6b29tX2xldmVsX2FmdGVyX3NlYXJjaCI6MTAsImRvdWJsZWNsaWNrem9vbSI6ZmFsc2UsImN1cnJlbnRfcG9zdF9vbmx5IjpmYWxzZSwiYWR2YW5jZV90ZW1wbGF0ZSI6ZmFsc2UsIm1hcF90aWxlX3VybCI6Imh0dHBzOlwvXC97c30udGlsZS5vcGVuc3RyZWV0bWFwLm9yZ1wve3p9XC97eH1cL3t5fS5wbmciLCJvcGVuc3RyZWV0X3N0eWxlcyI6eyJPcGVuU3RyZWV0TWFwLk1hcG5payI6Imh0dHBzOlwvXC97c30udGlsZS5vcGVuc3RyZWV0bWFwLm9yZ1wve3p9XC97eH1cL3t5fS5wbmciLCJPcGVuU3RyZWV0TWFwLkRFIjoiaHR0cHM6XC9cL3tzfS50aWxlLm9wZW5zdHJlZXRtYXAuZGVcL3RpbGVzXC9vc21kZVwve3p9XC97eH1cL3t5fS5wbmciLCJPcGVuU3RyZWV0TWFwLkNIIjoiaHR0cHM6XC9cL3RpbGUub3NtLmNoXC9zd2l0emVybGFuZFwve3p9XC97eH1cL3t5fS5wbmciLCJPcGVuU3RyZWV0TWFwLkZyYW5jZSI6Imh0dHBzOlwvXC97c30udGlsZS5vcGVuc3RyZWV0bWFwLmZyXC9vc21mclwve3p9XC97eH1cL3t5fS5wbmciLCJPcGVuU3RyZWV0TWFwLkhPVCI6Imh0dHBzOlwvXC97c30udGlsZS5vcGVuc3RyZWV0bWFwLmZyXC9ob3RcL3t6fVwve3h9XC97eX0ucG5nIiwiT3BlblN0cmVldE1hcC5CWkgiOiJodHRwczpcL1wvdGlsZS5vcGVuc3RyZWV0bWFwLmJ6aFwvYnJcL3t6fVwve3h9XC97eX0ucG5nIiwiT3BlblRvcG9NYXAiOiJodHRwczpcL1wve3N9LnRpbGUub3BlbnRvcG9tYXAub3JnXC97en1cL3t4fVwve3l9LnBuZyIsIlRodW5kZXJmb3Jlc3QuT3BlbkN5Y2xlTWFwIjoiaHR0cHM6XC9cL2Rldi57c30udGlsZS5vcGVuc3RyZWV0bWFwLmZyXC9jeWNsb3NtXC97en1cL3t4fVwve3l9LnBuZyIsIk9wZW5NYXBTdXJmZXIuUm9hZHMiOiJodHRwczpcL1wvbWFwcy5oZWlnaXQub3JnXC9vcGVubWFwc3VyZmVyXC90aWxlc1wvcm9hZHNcL3dlYm1lcmNhdG9yXC97en1cL3t4fVwve3l9LnBuZyJ9LCJvcGVuc3RyZWV0X3N0eWxlc19tYXJrdXAiOiI8c2VsZWN0IGNsYXNzPVwid3BvbXBfbWFwX3R5cGVcIj48b3B0aW9uIHZhbHVlPVwiT3BlblN0cmVldE1hcC5NYXBuaWtcIj5PcGVuU3RyZWV0TWFwLk1hcG5pazxcL29wdGlvbj48b3B0aW9uIHZhbHVlPVwiT3BlblN0cmVldE1hcC5ERVwiPk9wZW5TdHJlZXRNYXAuREU8XC9vcHRpb24+PG9wdGlvbiB2YWx1ZT1cIk9wZW5TdHJlZXRNYXAuQ0hcIj5PcGVuU3RyZWV0TWFwLkNIPFwvb3B0aW9uPjxvcHRpb24gdmFsdWU9XCJPcGVuU3RyZWV0TWFwLkZyYW5jZVwiPk9wZW5TdHJlZXRNYXAuRnJhbmNlPFwvb3B0aW9uPjxvcHRpb24gdmFsdWU9XCJPcGVuU3RyZWV0TWFwLkhPVFwiPk9wZW5TdHJlZXRNYXAuSE9UPFwvb3B0aW9uPjxvcHRpb24gdmFsdWU9XCJPcGVuU3RyZWV0TWFwLkJaSFwiPk9wZW5TdHJlZXRNYXAuQlpIPFwvb3B0aW9uPjxvcHRpb24gdmFsdWU9XCJPcGVuVG9wb01hcFwiPk9wZW5Ub3BvTWFwPFwvb3B0aW9uPjxvcHRpb24gdmFsdWU9XCJUaHVuZGVyZm9yZXN0Lk9wZW5DeWNsZU1hcFwiPlRodW5kZXJmb3Jlc3QuT3BlbkN5Y2xlTWFwPFwvb3B0aW9uPjxvcHRpb24gdmFsdWU9XCJPcGVuTWFwU3VyZmVyLlJvYWRzXCI+T3Blbk1hcFN1cmZlci5Sb2FkczxcL29wdGlvbj48XC9zZWxlY3Q+IiwibWFwX2JveF9zdHlsZXNfbWFya3VwIjoiPHNlbGVjdCBjbGFzcz1cIndwb21wX21hcGJveF90eXBlXCI+PG9wdGlvbiB2YWx1ZT1cInN0cmVldHMtdjExXCI+U3RyZWV0czxcL29wdGlvbj48b3B0aW9uIHZhbHVlPVwibGlnaHQtdjEwXCI+TGlnaHQ8XC9vcHRpb24+PG9wdGlvbiB2YWx1ZT1cImRhcmstdjEwXCI+RGFyazxcL29wdGlvbj48b3B0aW9uIHZhbHVlPVwib3V0ZG9vcnMtdjExXCI+T3V0ZG9vcnM8XC9vcHRpb24+PG9wdGlvbiB2YWx1ZT1cInNhdGVsbGl0ZS12OVwiPlNhdGVsbGl0ZTxcL29wdGlvbj48XC9zZWxlY3Q+IiwiYm91bmRfbWFwX2FmdGVyX2ZpbHRlciI6ZmFsc2UsImRpc3BsYXlfcmVzZXRfYnV0dG9uIjpmYWxzZSwibWFwX3Jlc2V0X2J1dHRvbl90ZXh0IjoiWnVyXHUwMGZjY2tzZXR6ZW4iLCJoZWlnaHQiOiI1MDAiLCJ0aWxlc19wcm92aWRlciI6Im9wZW5zdHJlZXQifSwicGxhY2VzIjpbeyJpZCI6IjEiLCJ0aXRsZSI6IkhvdGVsIENhJyBOb2JpbGUgQ29ybmVyIiwiYWRkcmVzcyI6IkRvcnNvZHVybywgVmVuaWNlLCBNZXRyb3BvbGl0YW4gQ2l0eSBvZiBWZW5pY2UsIEl0YWx5Iiwic291cmNlIjoibWFudWFsIiwiY29udGVudCI6IiIsImxvY2F0aW9uIjp7Imljb24iOiIiLCJsYXQiOiI0NS40MzQwNDYiLCJsbmciOiIxMi4zMjMxNjciLCJjaXR5IjoiVmVuaWNlIiwic3RhdGUiOiIiLCJjb3VudHJ5IjoiIiwib25jbGlja19hY3Rpb24iOiJtYXJrZXIiLCJyZWRpcmVjdF9jdXN0b21fbGluayI6IiIsIm1hcmtlcl9pbWFnZSI6IjxkaXYgY2xhc3M9J2ZjLWZlYXR1cmUtaW1nJz48aW1nIGxvYWRpbmc9J2xhenknIGRlY29kaW5nPSdhc3luYycgYWx0PSdIb3RlbCBDYSYjMDM5OyBOb2JpbGUgQ29ybmVyJyBzcmM9J2h0dHBzOlwvXC93d3cuaG90ZWxjYW5vYmlsZWNvcm5lci5pdFwvd3AtY29udGVudFwvcGx1Z2luc1wvd3AtZ29vZ2xlLW1hcC1wbHVnaW5cL2Fzc2V0c1wvaW1hZ2VzXC9zYW1wbGUuanBnJyBjbGFzcz0nd3BnbXBfbWFya2VyX2ltYWdlIGZjLWl0ZW0tZmVhdHVyZWRfaW1hZ2UgZmMtaXRlbS1sYXJnZScgXC8+PFwvZGl2PiIsIm9wZW5fbmV3X3RhYiI6InllcyIsInBvc3RhbF9jb2RlIjoiIiwiZHJhZ2dhYmxlIjoiIiwiaW5mb3dpbmRvd19kZWZhdWx0X29wZW4iOiIiLCJhbmltYXRpb24iOiJCT1VOQ0UiLCJpbmZvd2luZG93X2Rpc2FibGUiOnRydWUsInpvb20iOjUsImV4dHJhX2ZpZWxkcyI6eyJsaXN0b3JkZXIiOjB9fSwiY2F0ZWdvcmllcyI6W10sImN1c3RvbV9maWx0ZXJzIjpbXX1dLCJtYXBfcHJvcGVydHkiOnsibWFwX2lkIjoiMSJ9LCJzaGFwZXMiOnsiZHJhd2luZ19lZGl0YWJsZSI6ZmFsc2V9LCJmaWx0ZXJzIjp7ImZpbHRlcnNfY29udGFpbmVyIjoiW2RhdGEtY29udGFpbmVyPVwid3BnbXAtZmlsdGVycy1jb250YWluZXJcIl0ifSwiZ2xvYmFsX3NldHRpbmdzIjpmYWxzZSwicHJvdmlkZXIiOiJnb29nbGUiLCJhcGlLZXkiOiIifQ==\"; });<\/script>\n<h3 style=\"text-align: center;\"><\/h3>\n<section id=\"main-booking-form\" style=\"margin-top: 50px;\">\n<div id=\"container\">\n<div class=\"search-row\" style=\"box-shadow: inset 0 13px 13px -10px rgba(0,0,0,0.3); padding: 21px 0 11px !important;\">\n<div class=\"container\">\n<div class=\"col-md-12\">\n<h3 style=\"text-align: center;\"><span class=\"titolo\"So erreichen Sie uns<\/span><\/h3>\n<p>&nbsp;<\/p>\n<h4> ANREISE MIT DEM AUTO <\/h4>\n<p>Wir empfehlen, Ihr Auto am Piazzale Roma in einem der Parkh\u00e4user an der Piazzale Roma zu parken: Die Garage Comunale und die Garage San Marco sind die beiden mit den meisten Stellpl\u00e4tzen. Der Tageskarte der Garage Comunale kostet28 \u20ac. Es ist m\u00f6glich, kostenlos einen Stelplatz \u00fcber die Website\u00a0www.asmvenezia.it\u00a0zu reservieren. \u00a0Der Preis einer Tageskarte in der Garage San Marco betr\u00e4gt 30 \u20ac. (Informationen unter www.garagesanmarco.it).<br \/>\n\u2028Alternativ k\u00f6nnen Sie an der Piazzale Roma f\u00fcr 60-70 \u20ac ein privates Wassertaxi nehmen, das Sie vor dem Hotel absetzt.(Preis f\u00fcr 2 Personen inklusive Gep\u00e4ck). \u00a0Es wird empfohlen, immer vor dem Einsteigen nach dem Preis zu fragen.<br \/>\n<a href=\"https:\/\/www.innvenice.com\/Auto-e-Parcheggi.htm\">https:\/\/www.innvenice.com\/Auto-e-Parcheggi.htm<\/a><\/p>\n<p>&nbsp;<\/p>\n<h4>Zu fuess VON PIAZZALE ROMA<\/h4>\n<p>Sie m\u00fcssen zuerst \u00fcber Br\u00fccke Ponte della Costituzione gehen, auf dem Trottoir links bleiben und am Taxistand und am Souvenir Markt vorbeigehen. Danach m\u00fcssen Sie rechts die Strasse Fondamenta Cosseti nehmen, \u00fcber die Br\u00fccke gehen und geradeaus in Richtung Fondamenta dei 3 Ponti gehen. Danach folgen Sie die Strasse Fondamenta Pigan und Fondamenta Cazziola. Sie gehen danach \u00fcber die Br\u00fccke und biegen in die Calle Contarini (kleine Venezische Strasse) ein und folgen dann \u00fcber die Br\u00fccke die Strasse Calle del Forno bis zum Campo Santa Margherita. Das Hotel CA\u2019NOBILE CORNER befindet sich dort ungef\u00e4hr 100m neben der Bank.<br \/>\n<a target=\"_blank\" href=\"https:\/\/www.hotelcanobilecorner.it\/wp-content\/uploads\/2017\/02\/ca-nobile-corner-map.pdf\">Map<\/a><\/p>\n<p>&nbsp;<\/p>\n<h4>VON SANTA LUCIA BAHNHOF:<\/h4>\n<p>Vom Bahnhof Santa Lucia, den Blick in Richtung Canal Grande m\u00fcssen Sie rechts in Richtung Piazzale Roma abzweigen. Danach m\u00fcssen Sie \u00fcber die Br\u00fccke Ponte della Costituzione gehen, auf dem Trottoir links bleiben und am Taxistand und am Souvenir Markt vorbeigehen. Danach m\u00fcssen Sie rechts die Strasse Fondamenta Cosseti nehmen, \u00fcber die Br\u00fccke gehen und geradeaus in Richtung Fondamenta dei 3 Ponti gehen. Danach folgen Sie die Strasse Fondamenta Pigan und Fondamenta Cazziola. Sie gehen danach \u00fcber die Br\u00fccke und biegen in die Calle Contarini (kleine Venezische Strasse) ein und folgen dann \u00fcber die Br\u00fccke die Strasse Calle del Forno bis zum Campo Santa Margherita. Das Hotel CA\u2019NOBILE CORNER befindet sich dort ungef\u00e4hr 100m neben der Bank.<br \/>\n<a target=\"_blank\" href=\"https:\/\/www.hotelcanobilecorner.it\/wp-content\/uploads\/2017\/02\/ca-nobile-corner-map.pdf\">Map<\/a><\/p>\n<p>&nbsp;<\/p>\n<h4> ANKUNFT VON  FLUGHAFEN MARCO POLO DI TESSERA (VENEDIG) <\/h4>\n<p>Busgesellschaften verbinden den Flughafen Marco Polo in ca. 20 Minuten mit Piazzale Roma. Bitte besuchen der Web site: https:\/\/www.atvo.it\/it-venice-airport.html, der Preis ist euro 8.00 pro Person, inklusiv Gepaeck.<br \/>\n<a target=\"_blank\" href=\"https:\/\/www.hotelcanobilecorner.it\/wp-content\/uploads\/2017\/02\/ca-nobile-corner-map.pdf\">Vedi mappa<\/a><\/p>\n<ul>\n<li>Privat Wassertaxi: \u2028Alternativ k\u00f6nnen Sie am Flughafen f\u00fcr 100-120 \u20ac ein privates Wassertaxi nehmen, das sie direkt vor dem Hotel absetzt (Preis f\u00fcr max. 2 Personen inklusive Gep\u00e4ck). \u00a0Es wird empfohlen, immer vor dem Einsteigen nach dem Preis zu fragen.<\/li>\n<\/ul>\n<p><a href=\"https:\/\/www.veniceairport.it\/trasporti\/venezia.html\">https:\/\/www.veniceairport.it\/trasporti\/venezia.html<\/a><\/p>\n<p>&nbsp;<\/p>\n<h4> ANREISE PER SCHIFF <\/h4>\n<p>Sobald Sie am Kreuzfahrt-Terminal (Stazione Marittima) angekommen sind, sollten Sie den People Mover benutzen. \u00a0Dieses neue \u00f6ffentliche Verkehrsmittel ist eine seilgezogene Kabinenbahn und verbindet den Piazzale Roma mit der Stazione Marittima in weniger als zwei Minuten. Er verkeht ohne Unterbrechung von 7:00-23:00 alle 8 Minuten.<br \/>\n\u2028Privates Wassertaxi nehmen, das sie f\u00fcr 90-100 \u20ac direkt vor dem Hotel absetzt.(Preis f\u00fcr max. 2 Personen inklusive Gep\u00e4ck). \u00a0Es wird empfohlen, immer vor dem Einsteigen nach dem Preis zu fragen.<\/p>\n<p>&nbsp;<\/p>\n<h4>Von der Endstation \u00abCroisieres\u00bb \u00a0Schiffsbahnhof<\/h4>\n<p>\u00a0<br \/>\nMit dem PEOPLE MOVER, einem Monorail der Sie in wenigen Minuten direkt zur Piazzale Roma\/Terminal Crociere bringt, er f\u00e4hrt durchgehend jede 8 Minuten von 07h00 morgens bis 23h00 abends.<br \/>\n\u00a0<br \/>\nMit dem TAXI-SCHIFF, sie fahren jeden Tag bis zum FONDAMENTA ALBERTI, die 2-Schritte vom CAMPO SANTA MARGHERITA entfernt liegt, zum Preis von EUR 80.\u2014f\u00fcr 2 Personen mit Gep\u00e4ck.\n<\/p><\/div>\n<\/div>\n<\/div>\n<\/div>\n<\/section>\n","protected":false},"excerpt":{"rendered":"","protected":false},"author":1,"featured_media":0,"parent":0,"menu_order":0,"comment_status":"closed","ping_status":"closed","template":"","meta":[],"yoast_head":"<!-- This site is optimized with the Yoast SEO plugin v17.8 - https:\/\/yoast.com\/wordpress\/plugins\/seo\/ -->\n<title>Lage - Hotel Ca&#039; Nobile Corner<\/title>\n<meta name=\"robots\" content=\"index, follow, max-snippet:-1, max-image-preview:large, max-video-preview:-1\" \/>\n<link rel=\"canonical\" href=\"https:\/\/www.hotelcanobilecorner.it\/de\/lage\/\" \/>\n<meta property=\"og:locale\" content=\"de_DE\" \/>\n<meta property=\"og:type\" content=\"article\" \/>\n<meta property=\"og:title\" content=\"Lage - Hotel Ca&#039; Nobile Corner\" \/>\n<meta property=\"og:url\" content=\"https:\/\/www.hotelcanobilecorner.it\/de\/lage\/\" \/>\n<meta property=\"og:site_name\" content=\"Hotel Ca&#039; Nobile Corner\" \/>\n<meta property=\"article:modified_time\" content=\"2017-04-28T13:03:18+00:00\" \/>\n<meta name=\"twitter:card\" content=\"summary\" \/>\n<script type=\"application\/ld+json\" class=\"yoast-schema-graph\">{\"@context\":\"https:\/\/schema.org\",\"@graph\":[{\"@type\":\"WebSite\",\"@id\":\"https:\/\/www.hotelcanobilecorner.it\/#website\",\"url\":\"https:\/\/www.hotelcanobilecorner.it\/\",\"name\":\"Hotel Ca&#039; Nobile Corner\",\"description\":\"\",\"potentialAction\":[{\"@type\":\"SearchAction\",\"target\":{\"@type\":\"EntryPoint\",\"urlTemplate\":\"https:\/\/www.hotelcanobilecorner.it\/?s={search_term_string}\"},\"query-input\":\"required name=search_term_string\"}],\"inLanguage\":\"de-DE\"},{\"@type\":\"WebPage\",\"@id\":\"https:\/\/www.hotelcanobilecorner.it\/de\/lage\/#webpage\",\"url\":\"https:\/\/www.hotelcanobilecorner.it\/de\/lage\/\",\"name\":\"Lage - Hotel Ca&#039; Nobile Corner\",\"isPartOf\":{\"@id\":\"https:\/\/www.hotelcanobilecorner.it\/#website\"},\"datePublished\":\"2017-03-15T11:36:13+00:00\",\"dateModified\":\"2017-04-28T13:03:18+00:00\",\"breadcrumb\":{\"@id\":\"https:\/\/www.hotelcanobilecorner.it\/de\/lage\/#breadcrumb\"},\"inLanguage\":\"de-DE\",\"potentialAction\":[{\"@type\":\"ReadAction\",\"target\":[\"https:\/\/www.hotelcanobilecorner.it\/de\/lage\/\"]}]},{\"@type\":\"BreadcrumbList\",\"@id\":\"https:\/\/www.hotelcanobilecorner.it\/de\/lage\/#breadcrumb\",\"itemListElement\":[{\"@type\":\"ListItem\",\"position\":1,\"name\":\"Home\",\"item\":\"https:\/\/www.hotelcanobilecorner.it\/de\/\"},{\"@type\":\"ListItem\",\"position\":2,\"name\":\"Lage\"}]}]}<\/script>\n<!-- \/ Yoast SEO plugin. -->","yoast_head_json":{"title":"Lage - Hotel Ca&#039; Nobile Corner","robots":{"index":"index","follow":"follow","max-snippet":"max-snippet:-1","max-image-preview":"max-image-preview:large","max-video-preview":"max-video-preview:-1"},"canonical":"https:\/\/www.hotelcanobilecorner.it\/de\/lage\/","og_locale":"de_DE","og_type":"article","og_title":"Lage - Hotel Ca&#039; Nobile Corner","og_url":"https:\/\/www.hotelcanobilecorner.it\/de\/lage\/","og_site_name":"Hotel Ca&#039; Nobile Corner","article_modified_time":"2017-04-28T13:03:18+00:00","twitter_card":"summary","schema":{"@context":"https:\/\/schema.org","@graph":[{"@type":"WebSite","@id":"https:\/\/www.hotelcanobilecorner.it\/#website","url":"https:\/\/www.hotelcanobilecorner.it\/","name":"Hotel Ca&#039; Nobile Corner","description":"","potentialAction":[{"@type":"SearchAction","target":{"@type":"EntryPoint","urlTemplate":"https:\/\/www.hotelcanobilecorner.it\/?s={search_term_string}"},"query-input":"required name=search_term_string"}],"inLanguage":"de-DE"},{"@type":"WebPage","@id":"https:\/\/www.hotelcanobilecorner.it\/de\/lage\/#webpage","url":"https:\/\/www.hotelcanobilecorner.it\/de\/lage\/","name":"Lage - Hotel Ca&#039; Nobile Corner","isPartOf":{"@id":"https:\/\/www.hotelcanobilecorner.it\/#website"},"datePublished":"2017-03-15T11:36:13+00:00","dateModified":"2017-04-28T13:03:18+00:00","breadcrumb":{"@id":"https:\/\/www.hotelcanobilecorner.it\/de\/lage\/#breadcrumb"},"inLanguage":"de-DE","potentialAction":[{"@type":"ReadAction","target":["https:\/\/www.hotelcanobilecorner.it\/de\/lage\/"]}]},{"@type":"BreadcrumbList","@id":"https:\/\/www.hotelcanobilecorner.it\/de\/lage\/#breadcrumb","itemListElement":[{"@type":"ListItem","position":1,"name":"Home","item":"https:\/\/www.hotelcanobilecorner.it\/de\/"},{"@type":"ListItem","position":2,"name":"Lage"}]}]}},"_links":{"self":[{"href":"https:\/\/www.hotelcanobilecorner.it\/de\/wp-json\/wp\/v2\/pages\/370"}],"collection":[{"href":"https:\/\/www.hotelcanobilecorner.it\/de\/wp-json\/wp\/v2\/pages"}],"about":[{"href":"https:\/\/www.hotelcanobilecorner.it\/de\/wp-json\/wp\/v2\/types\/page"}],"author":[{"embeddable":true,"href":"https:\/\/www.hotelcanobilecorner.it\/de\/wp-json\/wp\/v2\/users\/1"}],"replies":[{"embeddable":true,"href":"https:\/\/www.hotelcanobilecorner.it\/de\/wp-json\/wp\/v2\/comments?post=370"}],"version-history":[{"count":2,"href":"https:\/\/www.hotelcanobilecorner.it\/de\/wp-json\/wp\/v2\/pages\/370\/revisions"}],"predecessor-version":[{"id":514,"href":"https:\/\/www.hotelcanobilecorner.it\/de\/wp-json\/wp\/v2\/pages\/370\/revisions\/514"}],"wp:attachment":[{"href":"https:\/\/www.hotelcanobilecorner.it\/de\/wp-json\/wp\/v2\/media?parent=370"}],"curies":[{"name":"wp","href":"https:\/\/api.w.org\/{rel}","templated":true}]}}