{"id":396,"date":"2017-03-17T15:45:08","date_gmt":"2017-03-17T14:45:08","guid":{"rendered":"http:\/\/www.hotelcanobilecorner.it\/superior-zimmer\/"},"modified":"2017-04-25T16:58:28","modified_gmt":"2017-04-25T14:58:28","slug":"superior-zimmer","status":"publish","type":"page","link":"https:\/\/www.hotelcanobilecorner.it\/de\/zimmer\/superior-zimmer\/","title":{"rendered":"Superior Zimmer"},"content":{"rendered":"<p style=\"text-align: center;\">Sehr gut isoliertes Zimmer mit einem Doppelbett oder 2 Einzel-betten, privates Bad mit Dusche und Bidet, Klimaanlage\/Heizung  und ausgestattet mit einem sch\u00f6nen Boden in &#8221; terrazzo venitien &#8221; (des Ortes typisch). Das Zimmer ist ausger\u00fcstet mit einem B\u00fcro, Schrank und Garderobe, Sicherheitsschrank, Minibar, smart TV mit Flachbildschirm mit allen Satelliten-Sender, Telefon, Weckdienst und kostenlosem WIFI. Um Ihren Aufenthalt noch angenehmer zu machen, befindet sich im Zimmer alles N\u00f6tige um Tee  und Kaffee zu machen , auch ein F\u00f6hn, Handt\u00fccher, ein Bademantel und Badeartikel und sogar Hausschuhe stehen Ihnen zur Verf\u00fcgung.<\/p>\n<div class=\"gallery-img-container clearfix\">\n<div class=\"col-xs-6 col-md-6\"><a rel=\"lightbox[camere]\" href=\"https:\/\/www.hotelcanobilecorner.it\/wp-content\/uploads\/2017\/02\/canobile-gallery-2560.jpg\"><img loading=\"lazy\" src=\"https:\/\/www.hotelcanobilecorner.it\/wp-content\/uploads\/2017\/02\/canobile-gallery-2560-1024x576.jpg\" alt=\"\" width=\"1024\" height=\"576\" class=\"aligncenter size-large wp-image-70\" srcset=\"https:\/\/www.hotelcanobilecorner.it\/wp-content\/uploads\/2017\/02\/canobile-gallery-2560-1024x576.jpg 1024w, https:\/\/www.hotelcanobilecorner.it\/wp-content\/uploads\/2017\/02\/canobile-gallery-2560-300x169.jpg 300w, https:\/\/www.hotelcanobilecorner.it\/wp-content\/uploads\/2017\/02\/canobile-gallery-2560-768x432.jpg 768w, https:\/\/www.hotelcanobilecorner.it\/wp-content\/uploads\/2017\/02\/canobile-gallery-2560.jpg 1200w\" sizes=\"(max-width: 1024px) 100vw, 1024px\" \/><\/a><\/div>\n<div class=\"col-xs-6 col-md-6\"><a rel=\"lightbox[camere]\" href=\"https:\/\/www.hotelcanobilecorner.it\/wp-content\/uploads\/2017\/02\/canobile-gallery-2567.jpg\"><img loading=\"lazy\" src=\"https:\/\/www.hotelcanobilecorner.it\/wp-content\/uploads\/2017\/02\/canobile-gallery-2567-1024x576.jpg\" alt=\"\" width=\"1024\" height=\"576\" class=\"aligncenter size-large wp-image-71\" srcset=\"https:\/\/www.hotelcanobilecorner.it\/wp-content\/uploads\/2017\/02\/canobile-gallery-2567-1024x576.jpg 1024w, https:\/\/www.hotelcanobilecorner.it\/wp-content\/uploads\/2017\/02\/canobile-gallery-2567-300x169.jpg 300w, https:\/\/www.hotelcanobilecorner.it\/wp-content\/uploads\/2017\/02\/canobile-gallery-2567-768x432.jpg 768w, https:\/\/www.hotelcanobilecorner.it\/wp-content\/uploads\/2017\/02\/canobile-gallery-2567.jpg 1200w\" sizes=\"(max-width: 1024px) 100vw, 1024px\" \/><\/a><\/div>\n<div class=\"col-xs-6 col-md-6\"><a rel=\"lightbox[camere]\" href=\"https:\/\/www.hotelcanobilecorner.it\/wp-content\/uploads\/2017\/02\/canobile-gallery-2579.jpg\"><img loading=\"lazy\" src=\"https:\/\/www.hotelcanobilecorner.it\/wp-content\/uploads\/2017\/02\/canobile-gallery-2579-1024x576.jpg\" alt=\"\" width=\"1024\" height=\"576\" class=\"aligncenter size-large wp-image-72\" srcset=\"https:\/\/www.hotelcanobilecorner.it\/wp-content\/uploads\/2017\/02\/canobile-gallery-2579-1024x576.jpg 1024w, https:\/\/www.hotelcanobilecorner.it\/wp-content\/uploads\/2017\/02\/canobile-gallery-2579-300x169.jpg 300w, https:\/\/www.hotelcanobilecorner.it\/wp-content\/uploads\/2017\/02\/canobile-gallery-2579-768x432.jpg 768w, https:\/\/www.hotelcanobilecorner.it\/wp-content\/uploads\/2017\/02\/canobile-gallery-2579.jpg 1200w\" sizes=\"(max-width: 1024px) 100vw, 1024px\" \/><\/a><\/div>\n<div class=\"col-xs-6 col-md-6\"><a rel=\"lightbox[camere]\" href=\"https:\/\/www.hotelcanobilecorner.it\/wp-content\/uploads\/2017\/02\/canobile-gallery-2633.jpg\"><img loading=\"lazy\" src=\"https:\/\/www.hotelcanobilecorner.it\/wp-content\/uploads\/2017\/02\/canobile-gallery-2633-1024x576.jpg\" alt=\"\" width=\"1024\" height=\"576\" class=\"aligncenter size-large wp-image-81\" srcset=\"https:\/\/www.hotelcanobilecorner.it\/wp-content\/uploads\/2017\/02\/canobile-gallery-2633-1024x576.jpg 1024w, https:\/\/www.hotelcanobilecorner.it\/wp-content\/uploads\/2017\/02\/canobile-gallery-2633-300x169.jpg 300w, https:\/\/www.hotelcanobilecorner.it\/wp-content\/uploads\/2017\/02\/canobile-gallery-2633-768x432.jpg 768w, https:\/\/www.hotelcanobilecorner.it\/wp-content\/uploads\/2017\/02\/canobile-gallery-2633.jpg 1200w\" sizes=\"(max-width: 1024px) 100vw, 1024px\" \/><\/a><\/div>\n<\/div>\n","protected":false},"excerpt":{"rendered":"<p>Sehr gut isoliertes Zimmer mit einem Doppelbett oder 2 Einzel-betten, privates Bad mit Dusche und Bidet, Klimaanlage\/Heizung und ausgestattet mit einem sch\u00f6nen Boden in &#8221; terrazzo venitien &#8221; (des Ortes typisch). Das Zimmer ist ausger\u00fcstet mit einem B\u00fcro, Schrank und Garderobe, Sicherheitsschrank, Minibar, smart TV mit Flachbildschirm mit allen Satelliten-Sender, Telefon, Weckdienst und kostenlosem WIFI. Um Ihren Aufenthalt noch angenehmer zu machen, befindet sich im&#8230;<\/p>\n<p><a class=\"more-link\" href=\"https:\/\/www.hotelcanobilecorner.it\/de\/zimmer\/superior-zimmer\/\">Read More<\/a><\/p>\n","protected":false},"author":1,"featured_media":0,"parent":398,"menu_order":0,"comment_status":"closed","ping_status":"closed","template":"","meta":[],"yoast_head":"<!-- This site is optimized with the Yoast SEO plugin v17.8 - https:\/\/yoast.com\/wordpress\/plugins\/seo\/ -->\n<title>Superior Zimmer - Hotel Ca&#039; Nobile Corner<\/title>\n<meta name=\"description\" content=\"Sehr gut isoliertes Zimmer mit einem Doppelbett oder 2 Einzel-betten, privates Bad mit Dusche und Bidet, Klimaanlage\/Heizung und ausgestattet mit einem\" \/>\n<meta name=\"robots\" content=\"index, follow, max-snippet:-1, max-image-preview:large, max-video-preview:-1\" \/>\n<link rel=\"canonical\" href=\"https:\/\/www.hotelcanobilecorner.it\/de\/zimmer\/superior-zimmer\/\" \/>\n<meta property=\"og:locale\" content=\"de_DE\" \/>\n<meta property=\"og:type\" content=\"article\" \/>\n<meta property=\"og:title\" content=\"Superior Zimmer - Hotel Ca&#039; Nobile Corner\" \/>\n<meta property=\"og:description\" content=\"Sehr gut isoliertes Zimmer mit einem Doppelbett oder 2 Einzel-betten, privates Bad mit Dusche und Bidet, Klimaanlage\/Heizung und ausgestattet mit einem\" \/>\n<meta property=\"og:url\" content=\"https:\/\/www.hotelcanobilecorner.it\/de\/zimmer\/superior-zimmer\/\" \/>\n<meta property=\"og:site_name\" content=\"Hotel Ca&#039; Nobile Corner\" \/>\n<meta property=\"article:modified_time\" content=\"2017-04-25T14:58:28+00:00\" \/>\n<meta property=\"og:image\" content=\"https:\/\/www.hotelcanobilecorner.it\/wp-content\/uploads\/2017\/02\/canobile-gallery-2560-1024x576.jpg\" \/>\n<meta name=\"twitter:card\" content=\"summary\" \/>\n<script type=\"application\/ld+json\" class=\"yoast-schema-graph\">{\"@context\":\"https:\/\/schema.org\",\"@graph\":[{\"@type\":\"WebSite\",\"@id\":\"https:\/\/www.hotelcanobilecorner.it\/#website\",\"url\":\"https:\/\/www.hotelcanobilecorner.it\/\",\"name\":\"Hotel Ca&#039; Nobile Corner\",\"description\":\"\",\"potentialAction\":[{\"@type\":\"SearchAction\",\"target\":{\"@type\":\"EntryPoint\",\"urlTemplate\":\"https:\/\/www.hotelcanobilecorner.it\/?s={search_term_string}\"},\"query-input\":\"required name=search_term_string\"}],\"inLanguage\":\"de-DE\"},{\"@type\":\"ImageObject\",\"@id\":\"https:\/\/www.hotelcanobilecorner.it\/de\/zimmer\/superior-zimmer\/#primaryimage\",\"inLanguage\":\"de-DE\",\"url\":\"https:\/\/www.hotelcanobilecorner.it\/wp-content\/uploads\/2017\/02\/canobile-gallery-2560.jpg\",\"contentUrl\":\"https:\/\/www.hotelcanobilecorner.it\/wp-content\/uploads\/2017\/02\/canobile-gallery-2560.jpg\",\"width\":1200,\"height\":675},{\"@type\":\"WebPage\",\"@id\":\"https:\/\/www.hotelcanobilecorner.it\/de\/zimmer\/superior-zimmer\/#webpage\",\"url\":\"https:\/\/www.hotelcanobilecorner.it\/de\/zimmer\/superior-zimmer\/\",\"name\":\"Superior Zimmer - Hotel Ca&#039; Nobile Corner\",\"isPartOf\":{\"@id\":\"https:\/\/www.hotelcanobilecorner.it\/#website\"},\"primaryImageOfPage\":{\"@id\":\"https:\/\/www.hotelcanobilecorner.it\/de\/zimmer\/superior-zimmer\/#primaryimage\"},\"datePublished\":\"2017-03-17T14:45:08+00:00\",\"dateModified\":\"2017-04-25T14:58:28+00:00\",\"description\":\"Sehr gut isoliertes Zimmer mit einem Doppelbett oder 2 Einzel-betten, privates Bad mit Dusche und Bidet, Klimaanlage\/Heizung und ausgestattet mit einem\",\"breadcrumb\":{\"@id\":\"https:\/\/www.hotelcanobilecorner.it\/de\/zimmer\/superior-zimmer\/#breadcrumb\"},\"inLanguage\":\"de-DE\",\"potentialAction\":[{\"@type\":\"ReadAction\",\"target\":[\"https:\/\/www.hotelcanobilecorner.it\/de\/zimmer\/superior-zimmer\/\"]}]},{\"@type\":\"BreadcrumbList\",\"@id\":\"https:\/\/www.hotelcanobilecorner.it\/de\/zimmer\/superior-zimmer\/#breadcrumb\",\"itemListElement\":[{\"@type\":\"ListItem\",\"position\":1,\"name\":\"Home\",\"item\":\"https:\/\/www.hotelcanobilecorner.it\/de\/\"},{\"@type\":\"ListItem\",\"position\":2,\"name\":\"Zimmer\",\"item\":\"https:\/\/www.hotelcanobilecorner.it\/de\/zimmer\/\"},{\"@type\":\"ListItem\",\"position\":3,\"name\":\"Superior Zimmer\"}]}]}<\/script>\n<!-- \/ Yoast SEO plugin. -->","yoast_head_json":{"title":"Superior Zimmer - Hotel Ca&#039; Nobile Corner","description":"Sehr gut isoliertes Zimmer mit einem Doppelbett oder 2 Einzel-betten, privates Bad mit Dusche und Bidet, Klimaanlage\/Heizung und ausgestattet mit einem","robots":{"index":"index","follow":"follow","max-snippet":"max-snippet:-1","max-image-preview":"max-image-preview:large","max-video-preview":"max-video-preview:-1"},"canonical":"https:\/\/www.hotelcanobilecorner.it\/de\/zimmer\/superior-zimmer\/","og_locale":"de_DE","og_type":"article","og_title":"Superior Zimmer - Hotel Ca&#039; Nobile Corner","og_description":"Sehr gut isoliertes Zimmer mit einem Doppelbett oder 2 Einzel-betten, privates Bad mit Dusche und Bidet, Klimaanlage\/Heizung und ausgestattet mit einem","og_url":"https:\/\/www.hotelcanobilecorner.it\/de\/zimmer\/superior-zimmer\/","og_site_name":"Hotel Ca&#039; Nobile Corner","article_modified_time":"2017-04-25T14:58:28+00:00","og_image":[{"url":"https:\/\/www.hotelcanobilecorner.it\/wp-content\/uploads\/2017\/02\/canobile-gallery-2560-1024x576.jpg"}],"twitter_card":"summary","schema":{"@context":"https:\/\/schema.org","@graph":[{"@type":"WebSite","@id":"https:\/\/www.hotelcanobilecorner.it\/#website","url":"https:\/\/www.hotelcanobilecorner.it\/","name":"Hotel Ca&#039; Nobile Corner","description":"","potentialAction":[{"@type":"SearchAction","target":{"@type":"EntryPoint","urlTemplate":"https:\/\/www.hotelcanobilecorner.it\/?s={search_term_string}"},"query-input":"required name=search_term_string"}],"inLanguage":"de-DE"},{"@type":"ImageObject","@id":"https:\/\/www.hotelcanobilecorner.it\/de\/zimmer\/superior-zimmer\/#primaryimage","inLanguage":"de-DE","url":"https:\/\/www.hotelcanobilecorner.it\/wp-content\/uploads\/2017\/02\/canobile-gallery-2560.jpg","contentUrl":"https:\/\/www.hotelcanobilecorner.it\/wp-content\/uploads\/2017\/02\/canobile-gallery-2560.jpg","width":1200,"height":675},{"@type":"WebPage","@id":"https:\/\/www.hotelcanobilecorner.it\/de\/zimmer\/superior-zimmer\/#webpage","url":"https:\/\/www.hotelcanobilecorner.it\/de\/zimmer\/superior-zimmer\/","name":"Superior Zimmer - Hotel Ca&#039; Nobile Corner","isPartOf":{"@id":"https:\/\/www.hotelcanobilecorner.it\/#website"},"primaryImageOfPage":{"@id":"https:\/\/www.hotelcanobilecorner.it\/de\/zimmer\/superior-zimmer\/#primaryimage"},"datePublished":"2017-03-17T14:45:08+00:00","dateModified":"2017-04-25T14:58:28+00:00","description":"Sehr gut isoliertes Zimmer mit einem Doppelbett oder 2 Einzel-betten, privates Bad mit Dusche und Bidet, Klimaanlage\/Heizung und ausgestattet mit einem","breadcrumb":{"@id":"https:\/\/www.hotelcanobilecorner.it\/de\/zimmer\/superior-zimmer\/#breadcrumb"},"inLanguage":"de-DE","potentialAction":[{"@type":"ReadAction","target":["https:\/\/www.hotelcanobilecorner.it\/de\/zimmer\/superior-zimmer\/"]}]},{"@type":"BreadcrumbList","@id":"https:\/\/www.hotelcanobilecorner.it\/de\/zimmer\/superior-zimmer\/#breadcrumb","itemListElement":[{"@type":"ListItem","position":1,"name":"Home","item":"https:\/\/www.hotelcanobilecorner.it\/de\/"},{"@type":"ListItem","position":2,"name":"Zimmer","item":"https:\/\/www.hotelcanobilecorner.it\/de\/zimmer\/"},{"@type":"ListItem","position":3,"name":"Superior Zimmer"}]}]}},"_links":{"self":[{"href":"https:\/\/www.hotelcanobilecorner.it\/de\/wp-json\/wp\/v2\/pages\/396"}],"collection":[{"href":"https:\/\/www.hotelcanobilecorner.it\/de\/wp-json\/wp\/v2\/pages"}],"about":[{"href":"https:\/\/www.hotelcanobilecorner.it\/de\/wp-json\/wp\/v2\/types\/page"}],"author":[{"embeddable":true,"href":"https:\/\/www.hotelcanobilecorner.it\/de\/wp-json\/wp\/v2\/users\/1"}],"replies":[{"embeddable":true,"href":"https:\/\/www.hotelcanobilecorner.it\/de\/wp-json\/wp\/v2\/comments?post=396"}],"version-history":[{"count":2,"href":"https:\/\/www.hotelcanobilecorner.it\/de\/wp-json\/wp\/v2\/pages\/396\/revisions"}],"predecessor-version":[{"id":506,"href":"https:\/\/www.hotelcanobilecorner.it\/de\/wp-json\/wp\/v2\/pages\/396\/revisions\/506"}],"up":[{"embeddable":true,"href":"https:\/\/www.hotelcanobilecorner.it\/de\/wp-json\/wp\/v2\/pages\/398"}],"wp:attachment":[{"href":"https:\/\/www.hotelcanobilecorner.it\/de\/wp-json\/wp\/v2\/media?parent=396"}],"curies":[{"name":"wp","href":"https:\/\/api.w.org\/{rel}","templated":true}]}}