{"id":452,"date":"2017-04-10T11:57:11","date_gmt":"2017-04-10T09:57:11","guid":{"rendered":"http:\/\/www.hotelcanobilecorner.it\/zimmer\/deluxe-suite\/"},"modified":"2017-04-25T16:56:34","modified_gmt":"2017-04-25T14:56:34","slug":"deluxe-suite","status":"publish","type":"page","link":"https:\/\/www.hotelcanobilecorner.it\/de\/zimmer\/deluxe-suite\/","title":{"rendered":"Deluxe Suite"},"content":{"rendered":"<p style=\"text-align: center;\">Sehr gut isoliertes Zimmer mit einem Doppelbett und einem Canap\u00e9-Bett.<\/p>\n<p style=\"text-align: center;\">Das Zimmer , ger\u00e4umig und hell, hat ein sch\u00f6nes Vier-Licht fenster , (typisch von Venedig) mit einem sch\u00f6nen Aussblick auf den Campo Santa Margherita.<\/p>\n<p style=\"text-align: center;\">Das Zimmer Egeint\u00fcmlichkeit : unterwassermassagewanne, mit Dusche und Bidet, Klimaanlage\/Heizung und ausgestattet mit einem sch\u00f6nen Boden in \u201dvenedig terrazzo \u201d (des Ortes typisch). Das Zimmer ist ausger\u00fcstet mit einem B\u00fcro, Schrank und Garderobe, Sicherheitsschrank, Minibar, smart TV mit Flachbildschirm mit allen Satelliten-Sender, Telefon, Weckdienst und kostenlosem WIFI. Um Ihren Aufenthalt noch angenehmer zu machen, befindet sich im Zimmer alles N\u00f6tige um Tee und Kaffee zu machen , auch ein F\u00f6hn, Handt\u00fccher, ein Bademantel und Badeartikel und sogar Hausschuhe stehen Ihnen zur Verf\u00fcgung.<\/p>\n<div class=\"gallery-img-container clearfix\">\n<div class=\"col-xs-6 col-md-6\"><a href=\"https:\/\/www.hotelcanobilecorner.it\/wp-content\/uploads\/2017\/02\/canobile-gallery-2444.jpg\" rel=\"lightbox[camere]\"><img loading=\"lazy\" class=\"aligncenter size-large wp-image-54\" src=\"https:\/\/www.hotelcanobilecorner.it\/wp-content\/uploads\/2017\/02\/canobile-gallery-2444-1024x576.jpg\" alt=\"\" width=\"1024\" height=\"576\" srcset=\"https:\/\/www.hotelcanobilecorner.it\/wp-content\/uploads\/2017\/02\/canobile-gallery-2444-1024x576.jpg 1024w, https:\/\/www.hotelcanobilecorner.it\/wp-content\/uploads\/2017\/02\/canobile-gallery-2444-300x169.jpg 300w, https:\/\/www.hotelcanobilecorner.it\/wp-content\/uploads\/2017\/02\/canobile-gallery-2444-768x432.jpg 768w, https:\/\/www.hotelcanobilecorner.it\/wp-content\/uploads\/2017\/02\/canobile-gallery-2444.jpg 1200w\" sizes=\"(max-width: 1024px) 100vw, 1024px\" \/><\/a><\/div>\n<div class=\"col-xs-6 col-md-6\"><a href=\"https:\/\/www.hotelcanobilecorner.it\/wp-content\/uploads\/2017\/02\/canobile-gallery-2451.jpg\" rel=\"lightbox[camere]\"><img loading=\"lazy\" class=\"aligncenter size-large wp-image-55\" src=\"https:\/\/www.hotelcanobilecorner.it\/wp-content\/uploads\/2017\/02\/canobile-gallery-2451-1024x576.jpg\" alt=\"\" width=\"1024\" height=\"576\" srcset=\"https:\/\/www.hotelcanobilecorner.it\/wp-content\/uploads\/2017\/02\/canobile-gallery-2451-1024x576.jpg 1024w, https:\/\/www.hotelcanobilecorner.it\/wp-content\/uploads\/2017\/02\/canobile-gallery-2451-300x169.jpg 300w, https:\/\/www.hotelcanobilecorner.it\/wp-content\/uploads\/2017\/02\/canobile-gallery-2451-768x432.jpg 768w, https:\/\/www.hotelcanobilecorner.it\/wp-content\/uploads\/2017\/02\/canobile-gallery-2451.jpg 1200w\" sizes=\"(max-width: 1024px) 100vw, 1024px\" \/><\/a><\/div>\n<div class=\"col-xs-6 col-md-6\"><a href=\"https:\/\/www.hotelcanobilecorner.it\/wp-content\/uploads\/2017\/02\/canobile-gallery-2463.jpg\" rel=\"lightbox[camere]\"><img loading=\"lazy\" class=\"aligncenter size-large wp-image-57\" src=\"https:\/\/www.hotelcanobilecorner.it\/wp-content\/uploads\/2017\/02\/canobile-gallery-2463-1024x576.jpg\" alt=\"\" width=\"1024\" height=\"576\" srcset=\"https:\/\/www.hotelcanobilecorner.it\/wp-content\/uploads\/2017\/02\/canobile-gallery-2463-1024x576.jpg 1024w, https:\/\/www.hotelcanobilecorner.it\/wp-content\/uploads\/2017\/02\/canobile-gallery-2463-300x169.jpg 300w, https:\/\/www.hotelcanobilecorner.it\/wp-content\/uploads\/2017\/02\/canobile-gallery-2463-768x432.jpg 768w, https:\/\/www.hotelcanobilecorner.it\/wp-content\/uploads\/2017\/02\/canobile-gallery-2463.jpg 1200w\" sizes=\"(max-width: 1024px) 100vw, 1024px\" \/><\/a><\/div>\n<div class=\"col-xs-6 col-md-6\"><a href=\"https:\/\/www.hotelcanobilecorner.it\/wp-content\/uploads\/2017\/02\/CaNobile-6.jpg\" rel=\"lightbox[camere]\"><img loading=\"lazy\" class=\"aligncenter size-large wp-image-75\" src=\"https:\/\/www.hotelcanobilecorner.it\/wp-content\/uploads\/2017\/02\/CaNobile-6-1024x576.jpg\" alt=\"\" width=\"1024\" height=\"576\" \/><\/a><\/div>\n<\/div>\n","protected":false},"excerpt":{"rendered":"<p>Sehr gut isoliertes Zimmer mit einem Doppelbett und einem Canap\u00e9-Bett. Das Zimmer , ger\u00e4umig und hell, hat ein sch\u00f6nes Vier-Licht fenster , (typisch von Venedig) mit einem sch\u00f6nen Aussblick auf den Campo Santa Margherita. Das Zimmer Egeint\u00fcmlichkeit : unterwassermassagewanne, mit Dusche und Bidet, Klimaanlage\/Heizung und ausgestattet mit einem sch\u00f6nen Boden in \u201dvenedig terrazzo \u201d (des Ortes typisch). Das Zimmer ist ausger\u00fcstet mit einem B\u00fcro, Schrank&#8230;<\/p>\n<p><a class=\"more-link\" href=\"https:\/\/www.hotelcanobilecorner.it\/de\/zimmer\/deluxe-suite\/\">Read More<\/a><\/p>\n","protected":false},"author":1,"featured_media":0,"parent":398,"menu_order":0,"comment_status":"closed","ping_status":"closed","template":"","meta":[],"yoast_head":"<!-- This site is optimized with the Yoast SEO plugin v17.8 - https:\/\/yoast.com\/wordpress\/plugins\/seo\/ -->\n<title>Deluxe Suite - Hotel Ca&#039; Nobile Corner<\/title>\n<meta name=\"description\" content=\"Sehr gut isoliertes Zimmer mit einem Doppelbett und einem Canap\u00e9-Bett. Das Zimmer , ger\u00e4umig und hell, hat ein sch\u00f6nes Vier-Licht fenster , (typisch von\" \/>\n<meta name=\"robots\" content=\"index, follow, max-snippet:-1, max-image-preview:large, max-video-preview:-1\" \/>\n<link rel=\"canonical\" href=\"https:\/\/www.hotelcanobilecorner.it\/de\/zimmer\/deluxe-suite\/\" \/>\n<meta property=\"og:locale\" content=\"de_DE\" \/>\n<meta property=\"og:type\" content=\"article\" \/>\n<meta property=\"og:title\" content=\"Deluxe Suite - Hotel Ca&#039; Nobile Corner\" \/>\n<meta property=\"og:description\" content=\"Sehr gut isoliertes Zimmer mit einem Doppelbett und einem Canap\u00e9-Bett. Das Zimmer , ger\u00e4umig und hell, hat ein sch\u00f6nes Vier-Licht fenster , (typisch von\" \/>\n<meta property=\"og:url\" content=\"https:\/\/www.hotelcanobilecorner.it\/de\/zimmer\/deluxe-suite\/\" \/>\n<meta property=\"og:site_name\" content=\"Hotel Ca&#039; Nobile Corner\" \/>\n<meta property=\"article:modified_time\" content=\"2017-04-25T14:56:34+00:00\" \/>\n<meta property=\"og:image\" content=\"https:\/\/www.hotelcanobilecorner.it\/wp-content\/uploads\/2017\/02\/canobile-gallery-2444-1024x576.jpg\" \/>\n<meta name=\"twitter:card\" content=\"summary\" \/>\n<meta name=\"twitter:label1\" content=\"Est. reading time\" \/>\n\t<meta name=\"twitter:data1\" content=\"1 minute\" \/>\n<script type=\"application\/ld+json\" class=\"yoast-schema-graph\">{\"@context\":\"https:\/\/schema.org\",\"@graph\":[{\"@type\":\"WebSite\",\"@id\":\"https:\/\/www.hotelcanobilecorner.it\/#website\",\"url\":\"https:\/\/www.hotelcanobilecorner.it\/\",\"name\":\"Hotel Ca&#039; Nobile Corner\",\"description\":\"\",\"potentialAction\":[{\"@type\":\"SearchAction\",\"target\":{\"@type\":\"EntryPoint\",\"urlTemplate\":\"https:\/\/www.hotelcanobilecorner.it\/?s={search_term_string}\"},\"query-input\":\"required name=search_term_string\"}],\"inLanguage\":\"de-DE\"},{\"@type\":\"ImageObject\",\"@id\":\"https:\/\/www.hotelcanobilecorner.it\/de\/zimmer\/deluxe-suite\/#primaryimage\",\"inLanguage\":\"de-DE\",\"url\":\"https:\/\/www.hotelcanobilecorner.it\/wp-content\/uploads\/2017\/02\/canobile-gallery-2444.jpg\",\"contentUrl\":\"https:\/\/www.hotelcanobilecorner.it\/wp-content\/uploads\/2017\/02\/canobile-gallery-2444.jpg\",\"width\":1200,\"height\":675},{\"@type\":\"WebPage\",\"@id\":\"https:\/\/www.hotelcanobilecorner.it\/de\/zimmer\/deluxe-suite\/#webpage\",\"url\":\"https:\/\/www.hotelcanobilecorner.it\/de\/zimmer\/deluxe-suite\/\",\"name\":\"Deluxe Suite - Hotel Ca&#039; Nobile Corner\",\"isPartOf\":{\"@id\":\"https:\/\/www.hotelcanobilecorner.it\/#website\"},\"primaryImageOfPage\":{\"@id\":\"https:\/\/www.hotelcanobilecorner.it\/de\/zimmer\/deluxe-suite\/#primaryimage\"},\"datePublished\":\"2017-04-10T09:57:11+00:00\",\"dateModified\":\"2017-04-25T14:56:34+00:00\",\"description\":\"Sehr gut isoliertes Zimmer mit einem Doppelbett und einem Canap\\u00e9-Bett. Das Zimmer , ger\\u00e4umig und hell, hat ein sch\\u00f6nes Vier-Licht fenster , (typisch von\",\"breadcrumb\":{\"@id\":\"https:\/\/www.hotelcanobilecorner.it\/de\/zimmer\/deluxe-suite\/#breadcrumb\"},\"inLanguage\":\"de-DE\",\"potentialAction\":[{\"@type\":\"ReadAction\",\"target\":[\"https:\/\/www.hotelcanobilecorner.it\/de\/zimmer\/deluxe-suite\/\"]}]},{\"@type\":\"BreadcrumbList\",\"@id\":\"https:\/\/www.hotelcanobilecorner.it\/de\/zimmer\/deluxe-suite\/#breadcrumb\",\"itemListElement\":[{\"@type\":\"ListItem\",\"position\":1,\"name\":\"Home\",\"item\":\"https:\/\/www.hotelcanobilecorner.it\/de\/\"},{\"@type\":\"ListItem\",\"position\":2,\"name\":\"Zimmer\",\"item\":\"https:\/\/www.hotelcanobilecorner.it\/de\/zimmer\/\"},{\"@type\":\"ListItem\",\"position\":3,\"name\":\"Deluxe Suite\"}]}]}<\/script>\n<!-- \/ Yoast SEO plugin. -->","yoast_head_json":{"title":"Deluxe Suite - Hotel Ca&#039; Nobile Corner","description":"Sehr gut isoliertes Zimmer mit einem Doppelbett und einem Canap\u00e9-Bett. Das Zimmer , ger\u00e4umig und hell, hat ein sch\u00f6nes Vier-Licht fenster , (typisch von","robots":{"index":"index","follow":"follow","max-snippet":"max-snippet:-1","max-image-preview":"max-image-preview:large","max-video-preview":"max-video-preview:-1"},"canonical":"https:\/\/www.hotelcanobilecorner.it\/de\/zimmer\/deluxe-suite\/","og_locale":"de_DE","og_type":"article","og_title":"Deluxe Suite - Hotel Ca&#039; Nobile Corner","og_description":"Sehr gut isoliertes Zimmer mit einem Doppelbett und einem Canap\u00e9-Bett. Das Zimmer , ger\u00e4umig und hell, hat ein sch\u00f6nes Vier-Licht fenster , (typisch von","og_url":"https:\/\/www.hotelcanobilecorner.it\/de\/zimmer\/deluxe-suite\/","og_site_name":"Hotel Ca&#039; Nobile Corner","article_modified_time":"2017-04-25T14:56:34+00:00","og_image":[{"url":"https:\/\/www.hotelcanobilecorner.it\/wp-content\/uploads\/2017\/02\/canobile-gallery-2444-1024x576.jpg"}],"twitter_card":"summary","twitter_misc":{"Est. reading time":"1 minute"},"schema":{"@context":"https:\/\/schema.org","@graph":[{"@type":"WebSite","@id":"https:\/\/www.hotelcanobilecorner.it\/#website","url":"https:\/\/www.hotelcanobilecorner.it\/","name":"Hotel Ca&#039; Nobile Corner","description":"","potentialAction":[{"@type":"SearchAction","target":{"@type":"EntryPoint","urlTemplate":"https:\/\/www.hotelcanobilecorner.it\/?s={search_term_string}"},"query-input":"required name=search_term_string"}],"inLanguage":"de-DE"},{"@type":"ImageObject","@id":"https:\/\/www.hotelcanobilecorner.it\/de\/zimmer\/deluxe-suite\/#primaryimage","inLanguage":"de-DE","url":"https:\/\/www.hotelcanobilecorner.it\/wp-content\/uploads\/2017\/02\/canobile-gallery-2444.jpg","contentUrl":"https:\/\/www.hotelcanobilecorner.it\/wp-content\/uploads\/2017\/02\/canobile-gallery-2444.jpg","width":1200,"height":675},{"@type":"WebPage","@id":"https:\/\/www.hotelcanobilecorner.it\/de\/zimmer\/deluxe-suite\/#webpage","url":"https:\/\/www.hotelcanobilecorner.it\/de\/zimmer\/deluxe-suite\/","name":"Deluxe Suite - Hotel Ca&#039; Nobile Corner","isPartOf":{"@id":"https:\/\/www.hotelcanobilecorner.it\/#website"},"primaryImageOfPage":{"@id":"https:\/\/www.hotelcanobilecorner.it\/de\/zimmer\/deluxe-suite\/#primaryimage"},"datePublished":"2017-04-10T09:57:11+00:00","dateModified":"2017-04-25T14:56:34+00:00","description":"Sehr gut isoliertes Zimmer mit einem Doppelbett und einem Canap\u00e9-Bett. Das Zimmer , ger\u00e4umig und hell, hat ein sch\u00f6nes Vier-Licht fenster , (typisch von","breadcrumb":{"@id":"https:\/\/www.hotelcanobilecorner.it\/de\/zimmer\/deluxe-suite\/#breadcrumb"},"inLanguage":"de-DE","potentialAction":[{"@type":"ReadAction","target":["https:\/\/www.hotelcanobilecorner.it\/de\/zimmer\/deluxe-suite\/"]}]},{"@type":"BreadcrumbList","@id":"https:\/\/www.hotelcanobilecorner.it\/de\/zimmer\/deluxe-suite\/#breadcrumb","itemListElement":[{"@type":"ListItem","position":1,"name":"Home","item":"https:\/\/www.hotelcanobilecorner.it\/de\/"},{"@type":"ListItem","position":2,"name":"Zimmer","item":"https:\/\/www.hotelcanobilecorner.it\/de\/zimmer\/"},{"@type":"ListItem","position":3,"name":"Deluxe Suite"}]}]}},"_links":{"self":[{"href":"https:\/\/www.hotelcanobilecorner.it\/de\/wp-json\/wp\/v2\/pages\/452"}],"collection":[{"href":"https:\/\/www.hotelcanobilecorner.it\/de\/wp-json\/wp\/v2\/pages"}],"about":[{"href":"https:\/\/www.hotelcanobilecorner.it\/de\/wp-json\/wp\/v2\/types\/page"}],"author":[{"embeddable":true,"href":"https:\/\/www.hotelcanobilecorner.it\/de\/wp-json\/wp\/v2\/users\/1"}],"replies":[{"embeddable":true,"href":"https:\/\/www.hotelcanobilecorner.it\/de\/wp-json\/wp\/v2\/comments?post=452"}],"version-history":[{"count":5,"href":"https:\/\/www.hotelcanobilecorner.it\/de\/wp-json\/wp\/v2\/pages\/452\/revisions"}],"predecessor-version":[{"id":497,"href":"https:\/\/www.hotelcanobilecorner.it\/de\/wp-json\/wp\/v2\/pages\/452\/revisions\/497"}],"up":[{"embeddable":true,"href":"https:\/\/www.hotelcanobilecorner.it\/de\/wp-json\/wp\/v2\/pages\/398"}],"wp:attachment":[{"href":"https:\/\/www.hotelcanobilecorner.it\/de\/wp-json\/wp\/v2\/media?parent=452"}],"curies":[{"name":"wp","href":"https:\/\/api.w.org\/{rel}","templated":true}]}}