{"id":547,"date":"2018-09-17T11:06:45","date_gmt":"2018-09-17T09:06:45","guid":{"rendered":"https:\/\/www.hotelcanobilecorner.it\/?page_id=547\/"},"modified":"2018-09-17T11:06:45","modified_gmt":"2018-09-17T09:06:45","slug":"superior-zimmer-mit-private-externem-badezimmer","status":"publish","type":"page","link":"https:\/\/www.hotelcanobilecorner.it\/de\/zimmer\/superior-zimmer-mit-private-externem-badezimmer\/","title":{"rendered":"Superior Zimmer mit Private Externem Badezimmer"},"content":{"rendered":"<p style=\"text-align: center;\"> Sehr gut isoliertes Zimmer mit einem Doppelbett oder 2 Einzelbetten, privates externen  Bad mit Dusche und Bidet, Klimaanlage\/Heizung und ausgestattet mit einem sch\u00f6nen Boden in \u201cVenetian Terrazzo\u201d (typisch des Ortes). Das Zimmer ist ausger\u00fcstet mit einem B\u00fcro, Schrank und Garderobe, Sicherheitsschrank, Minibar, Smart TV mit Flachbildschirm mit allen Satelliten-Sendern, Telefon, Weckdienst und freien WIFI. Um Ihren Aufenthalt noch angenehmer zu machen, befindet sich im Zimmer alles N\u00f6tige um Tee und Kaffee zu machen , Haartrockner, Handt\u00fccher, Bademantel, Badeartikel und sogar Hausschuhe stehen Ihnen zur Verf\u00fcgung. <\/p>\n<div class=\"gallery-img-container clearfix\">\n<div class=\"col-xs-6 col-md-6\"><a rel=\"lightbox[camere]\" href=\"https:\/\/www.hotelcanobilecorner.it\/wp-content\/uploads\/2017\/02\/20180419_172549.jpg\"><img loading=\"lazy\" src=\"https:\/\/www.hotelcanobilecorner.it\/wp-content\/uploads\/2017\/02\/20180419_172549.jpg\" alt=\"\" width=\"1024\" height=\"576\" class=\"aligncenter size-large wp-image-70\" \/><\/a><\/div>\n<div class=\"col-xs-6 col-md-6\"><a rel=\"lightbox[camere]\" href=\"https:\/\/www.hotelcanobilecorner.it\/wp-content\/uploads\/2017\/02\/20180419_165912.jpg\"><img loading=\"lazy\" src=\"https:\/\/www.hotelcanobilecorner.it\/wp-content\/uploads\/2017\/02\/20180419_165912.jpg\" alt=\"\" width=\"1024\" height=\"576\" class=\"aligncenter size-large wp-image-71\" \/><\/a><\/div>\n<div class=\"col-xs-6 col-md-6\"><a rel=\"lightbox[camere]\" href=\"https:\/\/www.hotelcanobilecorner.it\/wp-content\/uploads\/2017\/02\/20180419_165816_8_bestshot-002.jpg\"><img loading=\"lazy\" src=\"https:\/\/www.hotelcanobilecorner.it\/wp-content\/uploads\/2017\/02\/20180419_165816_8_bestshot-002.jpg\" alt=\"\" width=\"1024\" height=\"576\" class=\"aligncenter size-large wp-image-72\" \/><\/a><\/div>\n<div class=\"col-xs-6 col-md-6\"><a rel=\"lightbox[camere]\" href=\"https:\/\/www.hotelcanobilecorner.it\/wp-content\/uploads\/2017\/02\/20180419_165408-002.jpg\"><img loading=\"lazy\" src=\"https:\/\/www.hotelcanobilecorner.it\/wp-content\/uploads\/2017\/02\/20180419_165408-002.jpg\" alt=\"\" width=\"1024\" height=\"576\" class=\"aligncenter size-large wp-image-81\" \/><\/a><\/div>\n<\/div>\n","protected":false},"excerpt":{"rendered":"<p>Sehr gut isoliertes Zimmer mit einem Doppelbett oder 2 Einzelbetten, privates externen Bad mit Dusche und Bidet, Klimaanlage\/Heizung und ausgestattet mit einem sch\u00f6nen Boden in \u201cVenetian Terrazzo\u201d (typisch des Ortes). Das Zimmer ist ausger\u00fcstet mit einem B\u00fcro, Schrank und Garderobe, Sicherheitsschrank, Minibar, Smart TV mit Flachbildschirm mit allen Satelliten-Sendern, Telefon, Weckdienst und freien WIFI. Um Ihren Aufenthalt noch angenehmer zu machen, befindet sich im Zimmer&#8230;<\/p>\n<p><a class=\"more-link\" href=\"https:\/\/www.hotelcanobilecorner.it\/de\/zimmer\/superior-zimmer-mit-private-externem-badezimmer\/\">Read More<\/a><\/p>\n","protected":false},"author":1,"featured_media":0,"parent":398,"menu_order":0,"comment_status":"closed","ping_status":"closed","template":"","meta":[],"yoast_head":"<!-- This site is optimized with the Yoast SEO plugin v17.8 - https:\/\/yoast.com\/wordpress\/plugins\/seo\/ -->\n<title>Superior Zimmer mit Private Externem Badezimmer - Hotel Ca&#039; Nobile Corner<\/title>\n<meta name=\"description\" content=\"Sehr gut isoliertes Zimmer mit einem Doppelbett oder 2 Einzelbetten, privates externen Bad mit Dusche und Bidet, Klimaanlage\/Heizung und ausgestattet mit\" \/>\n<meta name=\"robots\" content=\"index, follow, max-snippet:-1, max-image-preview:large, max-video-preview:-1\" \/>\n<link rel=\"canonical\" href=\"https:\/\/www.hotelcanobilecorner.it\/de\/zimmer\/superior-zimmer-mit-private-externem-badezimmer\/\" \/>\n<meta property=\"og:locale\" content=\"de_DE\" \/>\n<meta property=\"og:type\" content=\"article\" \/>\n<meta property=\"og:title\" content=\"Superior Zimmer mit Private Externem Badezimmer - Hotel Ca&#039; Nobile Corner\" \/>\n<meta property=\"og:description\" content=\"Sehr gut isoliertes Zimmer mit einem Doppelbett oder 2 Einzelbetten, privates externen Bad mit Dusche und Bidet, Klimaanlage\/Heizung und ausgestattet mit\" \/>\n<meta property=\"og:url\" content=\"https:\/\/www.hotelcanobilecorner.it\/de\/zimmer\/superior-zimmer-mit-private-externem-badezimmer\/\" \/>\n<meta property=\"og:site_name\" content=\"Hotel Ca&#039; Nobile Corner\" \/>\n<meta property=\"og:image\" content=\"https:\/\/www.hotelcanobilecorner.it\/wp-content\/uploads\/2017\/02\/20180419_172549.jpg\" \/>\n<meta name=\"twitter:card\" content=\"summary\" \/>\n<script type=\"application\/ld+json\" class=\"yoast-schema-graph\">{\"@context\":\"https:\/\/schema.org\",\"@graph\":[{\"@type\":\"WebSite\",\"@id\":\"https:\/\/www.hotelcanobilecorner.it\/#website\",\"url\":\"https:\/\/www.hotelcanobilecorner.it\/\",\"name\":\"Hotel Ca&#039; Nobile Corner\",\"description\":\"\",\"potentialAction\":[{\"@type\":\"SearchAction\",\"target\":{\"@type\":\"EntryPoint\",\"urlTemplate\":\"https:\/\/www.hotelcanobilecorner.it\/?s={search_term_string}\"},\"query-input\":\"required name=search_term_string\"}],\"inLanguage\":\"de-DE\"},{\"@type\":\"ImageObject\",\"@id\":\"https:\/\/www.hotelcanobilecorner.it\/de\/zimmer\/superior-zimmer-mit-private-externem-badezimmer\/#primaryimage\",\"inLanguage\":\"de-DE\",\"url\":\"https:\/\/www.hotelcanobilecorner.it\/wp-content\/uploads\/2017\/02\/20180419_172549.jpg\",\"contentUrl\":\"https:\/\/www.hotelcanobilecorner.it\/wp-content\/uploads\/2017\/02\/20180419_172549.jpg\",\"width\":1400,\"height\":1050},{\"@type\":\"WebPage\",\"@id\":\"https:\/\/www.hotelcanobilecorner.it\/de\/zimmer\/superior-zimmer-mit-private-externem-badezimmer\/#webpage\",\"url\":\"https:\/\/www.hotelcanobilecorner.it\/de\/zimmer\/superior-zimmer-mit-private-externem-badezimmer\/\",\"name\":\"Superior Zimmer mit Private Externem Badezimmer - Hotel Ca&#039; Nobile Corner\",\"isPartOf\":{\"@id\":\"https:\/\/www.hotelcanobilecorner.it\/#website\"},\"primaryImageOfPage\":{\"@id\":\"https:\/\/www.hotelcanobilecorner.it\/de\/zimmer\/superior-zimmer-mit-private-externem-badezimmer\/#primaryimage\"},\"datePublished\":\"2018-09-17T09:06:45+00:00\",\"dateModified\":\"2018-09-17T09:06:45+00:00\",\"description\":\"Sehr gut isoliertes Zimmer mit einem Doppelbett oder 2 Einzelbetten, privates externen Bad mit Dusche und Bidet, Klimaanlage\/Heizung und ausgestattet mit\",\"breadcrumb\":{\"@id\":\"https:\/\/www.hotelcanobilecorner.it\/de\/zimmer\/superior-zimmer-mit-private-externem-badezimmer\/#breadcrumb\"},\"inLanguage\":\"de-DE\",\"potentialAction\":[{\"@type\":\"ReadAction\",\"target\":[\"https:\/\/www.hotelcanobilecorner.it\/de\/zimmer\/superior-zimmer-mit-private-externem-badezimmer\/\"]}]},{\"@type\":\"BreadcrumbList\",\"@id\":\"https:\/\/www.hotelcanobilecorner.it\/de\/zimmer\/superior-zimmer-mit-private-externem-badezimmer\/#breadcrumb\",\"itemListElement\":[{\"@type\":\"ListItem\",\"position\":1,\"name\":\"Home\",\"item\":\"https:\/\/www.hotelcanobilecorner.it\/de\/\"},{\"@type\":\"ListItem\",\"position\":2,\"name\":\"Zimmer\",\"item\":\"https:\/\/www.hotelcanobilecorner.it\/de\/zimmer\/\"},{\"@type\":\"ListItem\",\"position\":3,\"name\":\"Superior Zimmer mit Private Externem Badezimmer\"}]}]}<\/script>\n<!-- \/ Yoast SEO plugin. -->","yoast_head_json":{"title":"Superior Zimmer mit Private Externem Badezimmer - Hotel Ca&#039; Nobile Corner","description":"Sehr gut isoliertes Zimmer mit einem Doppelbett oder 2 Einzelbetten, privates externen Bad mit Dusche und Bidet, Klimaanlage\/Heizung und ausgestattet mit","robots":{"index":"index","follow":"follow","max-snippet":"max-snippet:-1","max-image-preview":"max-image-preview:large","max-video-preview":"max-video-preview:-1"},"canonical":"https:\/\/www.hotelcanobilecorner.it\/de\/zimmer\/superior-zimmer-mit-private-externem-badezimmer\/","og_locale":"de_DE","og_type":"article","og_title":"Superior Zimmer mit Private Externem Badezimmer - Hotel Ca&#039; Nobile Corner","og_description":"Sehr gut isoliertes Zimmer mit einem Doppelbett oder 2 Einzelbetten, privates externen Bad mit Dusche und Bidet, Klimaanlage\/Heizung und ausgestattet mit","og_url":"https:\/\/www.hotelcanobilecorner.it\/de\/zimmer\/superior-zimmer-mit-private-externem-badezimmer\/","og_site_name":"Hotel Ca&#039; Nobile Corner","og_image":[{"url":"https:\/\/www.hotelcanobilecorner.it\/wp-content\/uploads\/2017\/02\/20180419_172549.jpg"}],"twitter_card":"summary","schema":{"@context":"https:\/\/schema.org","@graph":[{"@type":"WebSite","@id":"https:\/\/www.hotelcanobilecorner.it\/#website","url":"https:\/\/www.hotelcanobilecorner.it\/","name":"Hotel Ca&#039; Nobile Corner","description":"","potentialAction":[{"@type":"SearchAction","target":{"@type":"EntryPoint","urlTemplate":"https:\/\/www.hotelcanobilecorner.it\/?s={search_term_string}"},"query-input":"required name=search_term_string"}],"inLanguage":"de-DE"},{"@type":"ImageObject","@id":"https:\/\/www.hotelcanobilecorner.it\/de\/zimmer\/superior-zimmer-mit-private-externem-badezimmer\/#primaryimage","inLanguage":"de-DE","url":"https:\/\/www.hotelcanobilecorner.it\/wp-content\/uploads\/2017\/02\/20180419_172549.jpg","contentUrl":"https:\/\/www.hotelcanobilecorner.it\/wp-content\/uploads\/2017\/02\/20180419_172549.jpg","width":1400,"height":1050},{"@type":"WebPage","@id":"https:\/\/www.hotelcanobilecorner.it\/de\/zimmer\/superior-zimmer-mit-private-externem-badezimmer\/#webpage","url":"https:\/\/www.hotelcanobilecorner.it\/de\/zimmer\/superior-zimmer-mit-private-externem-badezimmer\/","name":"Superior Zimmer mit Private Externem Badezimmer - Hotel Ca&#039; Nobile Corner","isPartOf":{"@id":"https:\/\/www.hotelcanobilecorner.it\/#website"},"primaryImageOfPage":{"@id":"https:\/\/www.hotelcanobilecorner.it\/de\/zimmer\/superior-zimmer-mit-private-externem-badezimmer\/#primaryimage"},"datePublished":"2018-09-17T09:06:45+00:00","dateModified":"2018-09-17T09:06:45+00:00","description":"Sehr gut isoliertes Zimmer mit einem Doppelbett oder 2 Einzelbetten, privates externen Bad mit Dusche und Bidet, Klimaanlage\/Heizung und ausgestattet mit","breadcrumb":{"@id":"https:\/\/www.hotelcanobilecorner.it\/de\/zimmer\/superior-zimmer-mit-private-externem-badezimmer\/#breadcrumb"},"inLanguage":"de-DE","potentialAction":[{"@type":"ReadAction","target":["https:\/\/www.hotelcanobilecorner.it\/de\/zimmer\/superior-zimmer-mit-private-externem-badezimmer\/"]}]},{"@type":"BreadcrumbList","@id":"https:\/\/www.hotelcanobilecorner.it\/de\/zimmer\/superior-zimmer-mit-private-externem-badezimmer\/#breadcrumb","itemListElement":[{"@type":"ListItem","position":1,"name":"Home","item":"https:\/\/www.hotelcanobilecorner.it\/de\/"},{"@type":"ListItem","position":2,"name":"Zimmer","item":"https:\/\/www.hotelcanobilecorner.it\/de\/zimmer\/"},{"@type":"ListItem","position":3,"name":"Superior Zimmer mit Private Externem Badezimmer"}]}]}},"_links":{"self":[{"href":"https:\/\/www.hotelcanobilecorner.it\/de\/wp-json\/wp\/v2\/pages\/547"}],"collection":[{"href":"https:\/\/www.hotelcanobilecorner.it\/de\/wp-json\/wp\/v2\/pages"}],"about":[{"href":"https:\/\/www.hotelcanobilecorner.it\/de\/wp-json\/wp\/v2\/types\/page"}],"author":[{"embeddable":true,"href":"https:\/\/www.hotelcanobilecorner.it\/de\/wp-json\/wp\/v2\/users\/1"}],"replies":[{"embeddable":true,"href":"https:\/\/www.hotelcanobilecorner.it\/de\/wp-json\/wp\/v2\/comments?post=547"}],"version-history":[{"count":1,"href":"https:\/\/www.hotelcanobilecorner.it\/de\/wp-json\/wp\/v2\/pages\/547\/revisions"}],"predecessor-version":[{"id":559,"href":"https:\/\/www.hotelcanobilecorner.it\/de\/wp-json\/wp\/v2\/pages\/547\/revisions\/559"}],"up":[{"embeddable":true,"href":"https:\/\/www.hotelcanobilecorner.it\/de\/wp-json\/wp\/v2\/pages\/398"}],"wp:attachment":[{"href":"https:\/\/www.hotelcanobilecorner.it\/de\/wp-json\/wp\/v2\/media?parent=547"}],"curies":[{"name":"wp","href":"https:\/\/api.w.org\/{rel}","templated":true}]}}