{"id":124,"date":"2017-02-27T19:17:44","date_gmt":"2017-02-27T18:17:44","guid":{"rendered":"http:\/\/www.hotelcanobilecorner.it\/hotel-ca-nobile-corner\/"},"modified":"2017-04-03T17:25:13","modified_gmt":"2017-04-03T15:25:13","slug":"hotel-ca-nobile-corner","status":"publish","type":"page","link":"https:\/\/www.hotelcanobilecorner.it\/fr\/","title":{"rendered":"Hotel Ca&#8217; Nobile Corner"},"content":{"rendered":"<p><strong>HOTEL CA\u2019 NOBILE CORNER<\/strong>, dont la restructuration termina au mois de janvier 2017, propose 9 chambres de diff\u00e9rentes tailles  et typologies, soign\u00e9es dans chaque d\u00e9tails et dot\u00e9es de tous les conforts, distribu\u00e9es entre le rez-de-chauss\u00e9e et le premier \u00e9tage. La DELUXE SUITE  donne sur le CAMPO SANTA MARGHERITA  par des fen\u00eatres typiques v\u00e9nitiennes, les QUADRIFORA<\/p>\n<p>Tr\u00e8s belle la court avec un puits du XVI si\u00e8cle au milieux, qu\u2019on d\u00e9couvre \u00e0 peine pass\u00e9 le portail. Aussit\u00f4t se pr\u00e9sente \u00e0 vous l\u2019escalier du XV si\u00e8cle qui vous am\u00e8ne au premier \u00e9tage.<\/p>\n<p>Pour desservir les deux \u00e9tages il y a un ascenseur, et au premier \u00e9tage se situe la salle du petit d\u00e9jeuner, \u00e9l\u00e9gante et lumineuse, qui donne aussi sur le CAMPO SANTA MARGHERITA.<\/p>\n<p>La direction de l\u2019HOTEL CA\u2019 NOBILE CORNER a \u00e9t\u00e9 confi\u00e9e a Mr. Fabio Mioni, qui repr\u00e9sente la quatri\u00e8me g\u00e9n\u00e9ration d\u2019h\u00f4teliers v\u00e9nitiens. Il a voulu former une \u00e9quipe de collaborateurs professionnels et motiv\u00e9s \u00e0 son image, pour pouvoir garantir un merveilleux s\u00e9jour a tous ses h\u00f4tes, au c\u0153ur de Venise, une des plus belles ville au monde\u00a0!<\/p>\n","protected":false},"excerpt":{"rendered":"<p>HOTEL CA\u2019 NOBILE CORNER, dont la restructuration termina au mois de janvier 2017, propose 9 chambres de diff\u00e9rentes tailles et typologies, soign\u00e9es dans chaque d\u00e9tails et dot\u00e9es de tous les conforts, distribu\u00e9es entre le rez-de-chauss\u00e9e et le premier \u00e9tage. La DELUXE SUITE donne sur le CAMPO SANTA MARGHERITA par des fen\u00eatres typiques v\u00e9nitiennes, les QUADRIFORA Tr\u00e8s belle la court avec un puits du XVI si\u00e8cle&#8230;<\/p>\n<p><a class=\"more-link\" href=\"https:\/\/www.hotelcanobilecorner.it\/fr\/\">Read More<\/a><\/p>\n","protected":false},"author":1,"featured_media":0,"parent":0,"menu_order":0,"comment_status":"closed","ping_status":"closed","template":"home-template.php","meta":[],"yoast_head":"<!-- This site is optimized with the Yoast SEO plugin v17.8 - https:\/\/yoast.com\/wordpress\/plugins\/seo\/ -->\n<title>Hotel Ca&#039; Nobile Corner - Venise - Official Website<\/title>\n<meta name=\"description\" content=\"HOTEL CA\u2019 NOBILE CORNER, dont la restructuration termina au mois de janvier 2017, propose 9 chambres de diff\u00e9rentes tailles et typologies, soign\u00e9es dans\" \/>\n<meta name=\"robots\" content=\"index, follow, max-snippet:-1, max-image-preview:large, max-video-preview:-1\" \/>\n<link rel=\"canonical\" href=\"https:\/\/www.hotelcanobilecorner.it\/fr\/\" \/>\n<meta property=\"og:locale\" content=\"fr_FR\" \/>\n<meta property=\"og:type\" content=\"article\" \/>\n<meta property=\"og:title\" content=\"Hotel Ca&#039; Nobile Corner - Venise - Official Website\" \/>\n<meta property=\"og:description\" content=\"HOTEL CA\u2019 NOBILE CORNER, dont la restructuration termina au mois de janvier 2017, propose 9 chambres de diff\u00e9rentes tailles et typologies, soign\u00e9es dans\" \/>\n<meta property=\"og:url\" content=\"https:\/\/www.hotelcanobilecorner.it\/fr\/\" \/>\n<meta property=\"og:site_name\" content=\"Hotel Ca&#039; Nobile Corner\" \/>\n<meta property=\"article:modified_time\" content=\"2017-04-03T15:25:13+00:00\" \/>\n<meta name=\"twitter:card\" content=\"summary\" \/>\n<meta name=\"twitter:label1\" content=\"Est. reading time\" \/>\n\t<meta name=\"twitter:data1\" content=\"1 minute\" \/>\n<script type=\"application\/ld+json\" class=\"yoast-schema-graph\">{\"@context\":\"https:\/\/schema.org\",\"@graph\":[{\"@type\":\"WebSite\",\"@id\":\"https:\/\/www.hotelcanobilecorner.it\/#website\",\"url\":\"https:\/\/www.hotelcanobilecorner.it\/\",\"name\":\"Hotel Ca&#039; Nobile Corner\",\"description\":\"\",\"potentialAction\":[{\"@type\":\"SearchAction\",\"target\":{\"@type\":\"EntryPoint\",\"urlTemplate\":\"https:\/\/www.hotelcanobilecorner.it\/?s={search_term_string}\"},\"query-input\":\"required name=search_term_string\"}],\"inLanguage\":\"fr-FR\"},{\"@type\":\"WebPage\",\"@id\":\"https:\/\/www.hotelcanobilecorner.it\/fr\/#webpage\",\"url\":\"https:\/\/www.hotelcanobilecorner.it\/fr\/\",\"name\":\"Hotel Ca' Nobile Corner - Venise - Official Website\",\"isPartOf\":{\"@id\":\"https:\/\/www.hotelcanobilecorner.it\/#website\"},\"datePublished\":\"2017-02-27T18:17:44+00:00\",\"dateModified\":\"2017-04-03T15:25:13+00:00\",\"description\":\"HOTEL CA\\u2019 NOBILE CORNER, dont la restructuration termina au mois de janvier 2017, propose 9 chambres de diff\\u00e9rentes tailles et typologies, soign\\u00e9es dans\",\"breadcrumb\":{\"@id\":\"https:\/\/www.hotelcanobilecorner.it\/fr\/#breadcrumb\"},\"inLanguage\":\"fr-FR\",\"potentialAction\":[{\"@type\":\"ReadAction\",\"target\":[\"https:\/\/www.hotelcanobilecorner.it\/fr\/\"]}]},{\"@type\":\"BreadcrumbList\",\"@id\":\"https:\/\/www.hotelcanobilecorner.it\/fr\/#breadcrumb\",\"itemListElement\":[{\"@type\":\"ListItem\",\"position\":1,\"name\":\"Home\",\"item\":\"https:\/\/www.hotelcanobilecorner.it\/fr\/\"},{\"@type\":\"ListItem\",\"position\":2,\"name\":\"Hotel Ca&#8217; Nobile Corner\"}]}]}<\/script>\n<!-- \/ Yoast SEO plugin. -->","yoast_head_json":{"title":"Hotel Ca' Nobile Corner - Venise - Official Website","description":"HOTEL CA\u2019 NOBILE CORNER, dont la restructuration termina au mois de janvier 2017, propose 9 chambres de diff\u00e9rentes tailles et typologies, soign\u00e9es dans","robots":{"index":"index","follow":"follow","max-snippet":"max-snippet:-1","max-image-preview":"max-image-preview:large","max-video-preview":"max-video-preview:-1"},"canonical":"https:\/\/www.hotelcanobilecorner.it\/fr\/","og_locale":"fr_FR","og_type":"article","og_title":"Hotel Ca' Nobile Corner - Venise - Official Website","og_description":"HOTEL CA\u2019 NOBILE CORNER, dont la restructuration termina au mois de janvier 2017, propose 9 chambres de diff\u00e9rentes tailles et typologies, soign\u00e9es dans","og_url":"https:\/\/www.hotelcanobilecorner.it\/fr\/","og_site_name":"Hotel Ca&#039; Nobile Corner","article_modified_time":"2017-04-03T15:25:13+00:00","twitter_card":"summary","twitter_misc":{"Est. reading time":"1 minute"},"schema":{"@context":"https:\/\/schema.org","@graph":[{"@type":"WebSite","@id":"https:\/\/www.hotelcanobilecorner.it\/#website","url":"https:\/\/www.hotelcanobilecorner.it\/","name":"Hotel Ca&#039; Nobile Corner","description":"","potentialAction":[{"@type":"SearchAction","target":{"@type":"EntryPoint","urlTemplate":"https:\/\/www.hotelcanobilecorner.it\/?s={search_term_string}"},"query-input":"required name=search_term_string"}],"inLanguage":"fr-FR"},{"@type":"WebPage","@id":"https:\/\/www.hotelcanobilecorner.it\/fr\/#webpage","url":"https:\/\/www.hotelcanobilecorner.it\/fr\/","name":"Hotel Ca' Nobile Corner - Venise - Official Website","isPartOf":{"@id":"https:\/\/www.hotelcanobilecorner.it\/#website"},"datePublished":"2017-02-27T18:17:44+00:00","dateModified":"2017-04-03T15:25:13+00:00","description":"HOTEL CA\u2019 NOBILE CORNER, dont la restructuration termina au mois de janvier 2017, propose 9 chambres de diff\u00e9rentes tailles et typologies, soign\u00e9es dans","breadcrumb":{"@id":"https:\/\/www.hotelcanobilecorner.it\/fr\/#breadcrumb"},"inLanguage":"fr-FR","potentialAction":[{"@type":"ReadAction","target":["https:\/\/www.hotelcanobilecorner.it\/fr\/"]}]},{"@type":"BreadcrumbList","@id":"https:\/\/www.hotelcanobilecorner.it\/fr\/#breadcrumb","itemListElement":[{"@type":"ListItem","position":1,"name":"Home","item":"https:\/\/www.hotelcanobilecorner.it\/fr\/"},{"@type":"ListItem","position":2,"name":"Hotel Ca&#8217; Nobile Corner"}]}]}},"_links":{"self":[{"href":"https:\/\/www.hotelcanobilecorner.it\/fr\/wp-json\/wp\/v2\/pages\/124"}],"collection":[{"href":"https:\/\/www.hotelcanobilecorner.it\/fr\/wp-json\/wp\/v2\/pages"}],"about":[{"href":"https:\/\/www.hotelcanobilecorner.it\/fr\/wp-json\/wp\/v2\/types\/page"}],"author":[{"embeddable":true,"href":"https:\/\/www.hotelcanobilecorner.it\/fr\/wp-json\/wp\/v2\/users\/1"}],"replies":[{"embeddable":true,"href":"https:\/\/www.hotelcanobilecorner.it\/fr\/wp-json\/wp\/v2\/comments?post=124"}],"version-history":[{"count":2,"href":"https:\/\/www.hotelcanobilecorner.it\/fr\/wp-json\/wp\/v2\/pages\/124\/revisions"}],"predecessor-version":[{"id":427,"href":"https:\/\/www.hotelcanobilecorner.it\/fr\/wp-json\/wp\/v2\/pages\/124\/revisions\/427"}],"wp:attachment":[{"href":"https:\/\/www.hotelcanobilecorner.it\/fr\/wp-json\/wp\/v2\/media?parent=124"}],"curies":[{"name":"wp","href":"https:\/\/api.w.org\/{rel}","templated":true}]}}