{"id":369,"date":"2017-03-15T12:31:57","date_gmt":"2017-03-15T11:31:57","guid":{"rendered":"http:\/\/www.hotelcanobilecorner.it\/emplacement\/"},"modified":"2017-04-28T15:01:20","modified_gmt":"2017-04-28T13:01:20","slug":"emplacement","status":"publish","type":"page","link":"https:\/\/www.hotelcanobilecorner.it\/fr\/emplacement\/","title":{"rendered":"Emplacement"},"content":{"rendered":"<div class=\"wpgmp_map_container wpgmp-map-provider-google wpgmp-map-1\" rel=\"map1\" data-plugin-version=\"4.8.6\"><div class=\"wpgmp_map_parent\"><div class=\"wpgmp_map \" style=\"width:100%; height:500px;\" id=\"map1\" data-map-id=\"1\"><\/div><\/div><\/div><script>jQuery(document).ready(function($){ window.wpgmp = window.wpgmp || {}; window.wpgmp.mapdata1 = \"eyJhdXRvc29ydCI6dHJ1ZSwibWFwX29wdGlvbnMiOnsiY2VudGVyX2xhdCI6IjQ1LjQzNDA0NiIsImNlbnRlcl9sbmciOiIxMi4zMjMxNjciLCJ6b29tIjoxNSwibWFwX3R5cGVfaWQiOiJST0FETUFQIiwiY2VudGVyX2J5X25lYXJlc3QiOmZhbHNlLCJmaXRfYm91bmRzIjpmYWxzZSwic2hvd19jZW50ZXJfY2lyY2xlIjpmYWxzZSwic2hvd19jZW50ZXJfbWFya2VyIjpmYWxzZSwiZHJhZ2dhYmxlIjp0cnVlLCJpbmZvd2luZG93X3NraW4iOnsibmFtZSI6ImRlZmF1bHQiLCJ0eXBlIjoiaW5mb3dpbmRvdyJ9LCJpbmZvd2luZG93X2Ryb3BfYW5pbWF0aW9uIjpmYWxzZSwiY2xvc2VfaW5mb3dpbmRvd19vbl9tYXBfY2xpY2siOmZhbHNlLCJkZWZhdWx0X2luZm93aW5kb3dfb3BlbiI6ZmFsc2UsImluZm93aW5kb3dfb3Blbl9ldmVudCI6ImNsaWNrIiwibGlzdGluZ19pbmZvd2luZG93X29wZW5fZXZlbnQiOiJjbGljayIsImlzX21vYmlsZSI6ZmFsc2UsImluZm93aW5kb3dfZmlsdGVyX29ubHkiOmZhbHNlLCJpbmZvd2luZG93X2NsaWNrX2NoYW5nZV9jZW50ZXIiOmZhbHNlLCJmdWxsX3NjcmVlbl9jb250cm9sIjp0cnVlLCJjYW1lcmFfY29udHJvbCI6ZmFsc2UsInNlYXJjaF9jb250cm9sIjp0cnVlLCJ6b29tX2NvbnRyb2wiOnRydWUsIm1hcF90eXBlX2NvbnRyb2wiOnRydWUsInN0cmVldF92aWV3X2NvbnRyb2wiOnRydWUsImxvY2F0ZW1lX2NvbnRyb2wiOmZhbHNlLCJtb2JpbGVfc3BlY2lmaWMiOmZhbHNlLCJ6b29tX21vYmlsZSI6NSwiZHJhZ2dhYmxlX21vYmlsZSI6dHJ1ZSwic2Nyb2xsX3doZWVsX21vYmlsZSI6dHJ1ZSwiem9vbV9jb250cm9sX3Bvc2l0aW9uIjoiVE9QX0xFRlQiLCJtYXBfdHlwZV9jb250cm9sX3Bvc2l0aW9uIjoiVE9QX1JJR0hUIiwibWFwX3R5cGVfY29udHJvbF9zdHlsZSI6IkhPUklaT05UQUxfQkFSIiwic3RyZWV0X3ZpZXdfY29udHJvbF9wb3NpdGlvbiI6IlRPUF9MRUZUIiwibWFwX2luZm93aW5kb3dfY3VzdG9taXNhdGlvbnMiOmZhbHNlLCJpbmZvd2luZG93X3dpZHRoIjoiMTAwJSIsInNob3dfaW5mb3dpbmRvd19oZWFkZXIiOmZhbHNlLCJ6b29tX2xldmVsX2FmdGVyX3NlYXJjaCI6MTAsImRvdWJsZWNsaWNrem9vbSI6ZmFsc2UsImN1cnJlbnRfcG9zdF9vbmx5IjpmYWxzZSwiYWR2YW5jZV90ZW1wbGF0ZSI6ZmFsc2UsIm1hcF90aWxlX3VybCI6Imh0dHBzOlwvXC97c30udGlsZS5vcGVuc3RyZWV0bWFwLm9yZ1wve3p9XC97eH1cL3t5fS5wbmciLCJvcGVuc3RyZWV0X3N0eWxlcyI6eyJPcGVuU3RyZWV0TWFwLk1hcG5payI6Imh0dHBzOlwvXC97c30udGlsZS5vcGVuc3RyZWV0bWFwLm9yZ1wve3p9XC97eH1cL3t5fS5wbmciLCJPcGVuU3RyZWV0TWFwLkRFIjoiaHR0cHM6XC9cL3tzfS50aWxlLm9wZW5zdHJlZXRtYXAuZGVcL3RpbGVzXC9vc21kZVwve3p9XC97eH1cL3t5fS5wbmciLCJPcGVuU3RyZWV0TWFwLkNIIjoiaHR0cHM6XC9cL3RpbGUub3NtLmNoXC9zd2l0emVybGFuZFwve3p9XC97eH1cL3t5fS5wbmciLCJPcGVuU3RyZWV0TWFwLkZyYW5jZSI6Imh0dHBzOlwvXC97c30udGlsZS5vcGVuc3RyZWV0bWFwLmZyXC9vc21mclwve3p9XC97eH1cL3t5fS5wbmciLCJPcGVuU3RyZWV0TWFwLkhPVCI6Imh0dHBzOlwvXC97c30udGlsZS5vcGVuc3RyZWV0bWFwLmZyXC9ob3RcL3t6fVwve3h9XC97eX0ucG5nIiwiT3BlblN0cmVldE1hcC5CWkgiOiJodHRwczpcL1wvdGlsZS5vcGVuc3RyZWV0bWFwLmJ6aFwvYnJcL3t6fVwve3h9XC97eX0ucG5nIiwiT3BlblRvcG9NYXAiOiJodHRwczpcL1wve3N9LnRpbGUub3BlbnRvcG9tYXAub3JnXC97en1cL3t4fVwve3l9LnBuZyIsIlRodW5kZXJmb3Jlc3QuT3BlbkN5Y2xlTWFwIjoiaHR0cHM6XC9cL2Rldi57c30udGlsZS5vcGVuc3RyZWV0bWFwLmZyXC9jeWNsb3NtXC97en1cL3t4fVwve3l9LnBuZyIsIk9wZW5NYXBTdXJmZXIuUm9hZHMiOiJodHRwczpcL1wvbWFwcy5oZWlnaXQub3JnXC9vcGVubWFwc3VyZmVyXC90aWxlc1wvcm9hZHNcL3dlYm1lcmNhdG9yXC97en1cL3t4fVwve3l9LnBuZyJ9LCJvcGVuc3RyZWV0X3N0eWxlc19tYXJrdXAiOiI8c2VsZWN0IGNsYXNzPVwid3BvbXBfbWFwX3R5cGVcIj48b3B0aW9uIHZhbHVlPVwiT3BlblN0cmVldE1hcC5NYXBuaWtcIj5PcGVuU3RyZWV0TWFwLk1hcG5pazxcL29wdGlvbj48b3B0aW9uIHZhbHVlPVwiT3BlblN0cmVldE1hcC5ERVwiPk9wZW5TdHJlZXRNYXAuREU8XC9vcHRpb24+PG9wdGlvbiB2YWx1ZT1cIk9wZW5TdHJlZXRNYXAuQ0hcIj5PcGVuU3RyZWV0TWFwLkNIPFwvb3B0aW9uPjxvcHRpb24gdmFsdWU9XCJPcGVuU3RyZWV0TWFwLkZyYW5jZVwiPk9wZW5TdHJlZXRNYXAuRnJhbmNlPFwvb3B0aW9uPjxvcHRpb24gdmFsdWU9XCJPcGVuU3RyZWV0TWFwLkhPVFwiPk9wZW5TdHJlZXRNYXAuSE9UPFwvb3B0aW9uPjxvcHRpb24gdmFsdWU9XCJPcGVuU3RyZWV0TWFwLkJaSFwiPk9wZW5TdHJlZXRNYXAuQlpIPFwvb3B0aW9uPjxvcHRpb24gdmFsdWU9XCJPcGVuVG9wb01hcFwiPk9wZW5Ub3BvTWFwPFwvb3B0aW9uPjxvcHRpb24gdmFsdWU9XCJUaHVuZGVyZm9yZXN0Lk9wZW5DeWNsZU1hcFwiPlRodW5kZXJmb3Jlc3QuT3BlbkN5Y2xlTWFwPFwvb3B0aW9uPjxvcHRpb24gdmFsdWU9XCJPcGVuTWFwU3VyZmVyLlJvYWRzXCI+T3Blbk1hcFN1cmZlci5Sb2FkczxcL29wdGlvbj48XC9zZWxlY3Q+IiwibWFwX2JveF9zdHlsZXNfbWFya3VwIjoiPHNlbGVjdCBjbGFzcz1cIndwb21wX21hcGJveF90eXBlXCI+PG9wdGlvbiB2YWx1ZT1cInN0cmVldHMtdjExXCI+U3RyZWV0czxcL29wdGlvbj48b3B0aW9uIHZhbHVlPVwibGlnaHQtdjEwXCI+TGlnaHQ8XC9vcHRpb24+PG9wdGlvbiB2YWx1ZT1cImRhcmstdjEwXCI+RGFyazxcL29wdGlvbj48b3B0aW9uIHZhbHVlPVwib3V0ZG9vcnMtdjExXCI+T3V0ZG9vcnM8XC9vcHRpb24+PG9wdGlvbiB2YWx1ZT1cInNhdGVsbGl0ZS12OVwiPlNhdGVsbGl0ZTxcL29wdGlvbj48XC9zZWxlY3Q+IiwiYm91bmRfbWFwX2FmdGVyX2ZpbHRlciI6ZmFsc2UsImRpc3BsYXlfcmVzZXRfYnV0dG9uIjpmYWxzZSwibWFwX3Jlc2V0X2J1dHRvbl90ZXh0IjoiUlx1MDBlOWluaXRpYWxpc2VyIiwiaGVpZ2h0IjoiNTAwIiwidGlsZXNfcHJvdmlkZXIiOiJvcGVuc3RyZWV0In0sInBsYWNlcyI6W3siaWQiOiIxIiwidGl0bGUiOiJIb3RlbCBDYScgTm9iaWxlIENvcm5lciIsImFkZHJlc3MiOiJEb3Jzb2R1cm8sIFZlbmljZSwgTWV0cm9wb2xpdGFuIENpdHkgb2YgVmVuaWNlLCBJdGFseSIsInNvdXJjZSI6Im1hbnVhbCIsImNvbnRlbnQiOiIiLCJsb2NhdGlvbiI6eyJpY29uIjoiIiwibGF0IjoiNDUuNDM0MDQ2IiwibG5nIjoiMTIuMzIzMTY3IiwiY2l0eSI6IlZlbmljZSIsInN0YXRlIjoiIiwiY291bnRyeSI6IiIsIm9uY2xpY2tfYWN0aW9uIjoibWFya2VyIiwicmVkaXJlY3RfY3VzdG9tX2xpbmsiOiIiLCJtYXJrZXJfaW1hZ2UiOiI8ZGl2IGNsYXNzPSdmYy1mZWF0dXJlLWltZyc+PGltZyBsb2FkaW5nPSdsYXp5JyBkZWNvZGluZz0nYXN5bmMnIGFsdD0nSG90ZWwgQ2EmIzAzOTsgTm9iaWxlIENvcm5lcicgc3JjPSdodHRwczpcL1wvd3d3LmhvdGVsY2Fub2JpbGVjb3JuZXIuaXRcL3dwLWNvbnRlbnRcL3BsdWdpbnNcL3dwLWdvb2dsZS1tYXAtcGx1Z2luXC9hc3NldHNcL2ltYWdlc1wvc2FtcGxlLmpwZycgY2xhc3M9J3dwZ21wX21hcmtlcl9pbWFnZSBmYy1pdGVtLWZlYXR1cmVkX2ltYWdlIGZjLWl0ZW0tbGFyZ2UnIFwvPjxcL2Rpdj4iLCJvcGVuX25ld190YWIiOiJ5ZXMiLCJwb3N0YWxfY29kZSI6IiIsImRyYWdnYWJsZSI6IiIsImluZm93aW5kb3dfZGVmYXVsdF9vcGVuIjoiIiwiYW5pbWF0aW9uIjoiQk9VTkNFIiwiaW5mb3dpbmRvd19kaXNhYmxlIjp0cnVlLCJ6b29tIjo1LCJleHRyYV9maWVsZHMiOnsibGlzdG9yZGVyIjowfX0sImNhdGVnb3JpZXMiOltdLCJjdXN0b21fZmlsdGVycyI6W119XSwibWFwX3Byb3BlcnR5Ijp7Im1hcF9pZCI6IjEifSwic2hhcGVzIjp7ImRyYXdpbmdfZWRpdGFibGUiOmZhbHNlfSwiZmlsdGVycyI6eyJmaWx0ZXJzX2NvbnRhaW5lciI6IltkYXRhLWNvbnRhaW5lcj1cIndwZ21wLWZpbHRlcnMtY29udGFpbmVyXCJdIn0sImdsb2JhbF9zZXR0aW5ncyI6ZmFsc2UsInByb3ZpZGVyIjoiZ29vZ2xlIiwiYXBpS2V5IjoiIn0=\"; });<\/script>\n<h3 style=\"text-align: center;\"><\/h3>\n<section id=\"main-booking-form\" style=\"margin-top: 50px;\">\n<div id=\"container\">\n<div class=\"search-row\" style=\"box-shadow: inset 0 13px 13px -10px rgba(0,0,0,0.3); padding: 21px 0 11px !important;\">\n<div class=\"container\">\n<div class=\"col-md-12\">\n<h3 style=\"text-align: center;\"><span class=\"titolo\">Comment Arriver<\/span><\/h3>\n<p>&nbsp;<\/p>\n<h4>EN VOITURE<\/h4>\n<p>On peut parquer la voiture pr\u00e8s du garage SAN MARCO, au prix de 30 eur a peu pr\u00e8s par jour.<br \/>\nPossibilit\u00e9 de reserver une place par internet, sur le site <a href=\"https:\/\/www.garagesanmarco.it\">www.garagesanmarco.it<\/a>, ou on peut aussi parquer au garage communal, situ\u00e9 peu avant Piazzale Roma.<\/p>\n<p><a href=\"https:\/\/www.innvenice.com\/Auto-e-Parcheggi.htm\">https:\/\/www.innvenice.com\/Auto-e-Parcheggi.htm<\/a><\/p>\n<p>&nbsp;<\/p>\n<h4>DEPUIS PIAZZALE ROMA<\/h4>\n<p>Depuis le\u00a0 Piazzale Roma (GARE DES AUTOBUS) il faut prendre les <b>FONDAMENTA COSSETTI<\/b> vers la droite, traverser le pont et poursuivre tout droit en suivant les <b>FONDAMENTA DEI 3 PONTI<\/b>. Apr\u00e8s le pont poursuivre sur les <b>FONDAMENTA PIGAN<\/b> et puis les <b>FONDAMENTA CAZZIOLA<\/b>. Il faut apr\u00e8s traverser le pont et prendre la <b>CALLE CONTARINI<\/b> (ruelle en venitien) et poursuivre au del\u00e0 du pont sur la <b>CALLE DEL FORNO<\/b>. A la fin de cette CALLE, on trouvera le <b>CAMPO SANTA MARGHERITA<\/b>. <b>L\u2019HOTEL CA\u2019 NOBILE CORNER<\/b> se trouve a 100 m sur la droite a cot\u00e9 de la banque.<\/p>\n<p><a href=\"https:\/\/www.hotelcanobilecorner.it\/wp-content\/uploads\/2017\/02\/ca-nobile-corner-map.pdf\" target=\"_blank\">Map<\/a><\/p>\n<p>&nbsp;<\/p>\n<h4>DEPUIS LA GARE \u201cSANTA LUCIA\u201d DE VENISE<\/h4>\n<p>Depuis la <b>GARE SANTA LUCIA<\/b>, en regardant le <b>CANAL GRANDE<\/b>, il faut prendre vers la droite, vers <b>PIAZZALE ROMA.<\/b> Il faut traverser le <b>PONTE DELLA COSTITUZIONE<\/b>, parcourir le trottoir vers la gauche, depasser le <b>parking des TAXI<\/b> et le <b>MARCHE\u2019 DES SOUVENIRS<\/b>. Il faut prendre les <b>FONDAMENTA COSSETTI<\/b> vers la droite, traverser le pont et poursuivre tout droit en suivant les <b>FONDAMENTA DEI 3 PONTI<\/b>. Suivre vers les <b>FONDAMENTA PIGAN<\/b> et <b>FONDAMENTA CAZZIOLA<\/b>. Traverser le pont et prendre la <b>CALLE CONTARINI<\/b> (ruelle en venitien) et poursuivre au del\u00e0 du pont et parcourir la\u00a0 <b>CALLE DEL FORNO<\/b> jusqu\u2019au\u00a0 <b>CAMPO SANTA MARGHERITA. L\u2019HOTEL CA\u2019 NOBILE CORNER<\/b> se trouve a 100m a cot\u00e9 de la banque.<\/p>\n<p><a href=\"https:\/\/www.hotelcanobilecorner.it\/wp-content\/uploads\/2017\/02\/ca-nobile-corner-map.pdf\" target=\"_blank\">Map<\/a><\/p>\n<p>&nbsp;<\/p>\n<h4>DEPUIS L\u2019AEROPORT \u201cMARCO POLO\u201d DE VENISE<\/h4>\n<p>Prendre le bus ATVO qui se trouve juste en dehors de l\u2019aeroport, qui part en direction de PIAZZALE ROMA, ou prendre le bus ACTV numero 95 toujours en direction de PIAZZALE ROMA.<br \/>\nArriv\u00e9s a Venise, voici comment peut on arriver a l\u2019hotel CA NOBILE CORNER :<br \/>\n<a href=\"https:\/\/www.hotelcanobilecorner.it\/wp-content\/uploads\/2017\/02\/ca-nobile-corner-map.pdf\" target=\"_blank\">Map<\/a><\/p>\n<ul>\n<li>AVEC LE VAPORETTO (BATEAU): Il faut prendre la ligne 1 (a peu pr\u00e8s 35 minutes de route) en direction de SAN MARCO, e descendre a CA REZZONICO<\/li>\n<li>AVEC ALILAGUNA (ligne priv\u00e9e): Ligne orange, avec arr\u00eat a CA REZZONICO, apr\u00e8s 10\/15 minutes de marche jusqu\u2019a l\u2019hotel.<\/li>\n<li>TAXI SUR L\u2019EAU: Il faut demander de s\u2019arreter a FONDAMENTA ALBERTI, a 2 pas de CAMPO MARGHERITA (ou\u2019 se trouve l\u2019hotel). La dur\u00e9e est de 35\/40 minutes pour un prix de 110 euro.<\/li>\n<\/ul>\n<p><a href=\"https:\/\/www.veniceairport.it\/trasporti\/venezia.html\">https:\/\/www.veniceairport.it\/trasporti\/venezia.html<\/a><\/p>\n<p>&nbsp;<\/p>\n<h4>DEPUIS L\u2019AEROPORT DE TREVISO<\/h4>\n<p>Prendre le bus de la ligne TREVISO AIRPORT BUS EXPRESS <a href=\"https:\/\/www.atvo.it\/it-treviso-airport.html\">https:\/\/www.atvo.it\/it-treviso-airport.html<\/a> jusqu\u2019a PIAZZALE ROMA. Le prix est de 12 eur par personne, bagage inclus.<\/p>\n<p><a href=\"https:\/\/www.trevisoairport.it\/trasporti\/stazione-venezia-santa-lucia.html\">https:\/\/www.trevisoairport.it\/trasporti\/stazione-venezia-santa-lucia.html<\/a><\/p>\n<p>&nbsp;<\/p>\n<h4>DEPUIS LE TERMINAL \u201cCROISIERES\u201d DE LA GARA MARITIME<\/h4>\n<ul>\n<li>PEOPLE MOVER, un monorail surelev\u00e9 qui permet de joindre PIAZZALE ROMA \/ TERMINAL CROCIERE et viceversa, en quelques minutes, avec une frequence chaque 8 minutes a partir de 07h00 jusqu\u2019a 23h00<\/li>\n<li>TAXI SUR L\u2019EAU: Tous les jours jusqu\u2019a FONDAMENTA ALBERTI, a 2 pas de CAMPO SANTA MARGHERITA, au prix de 80 eur pour 2 personnes, bagage inclus.<\/li>\n<\/ul>\n<\/div>\n<\/div>\n<\/div>\n<\/div>\n<\/section>\n","protected":false},"excerpt":{"rendered":"<p>Comment Arriver &nbsp; EN VOITURE On peut parquer la voiture pr\u00e8s du garage SAN MARCO, au prix de 30 eur a peu pr\u00e8s par jour. Possibilit\u00e9 de reserver une place par internet, sur le site www.garagesanmarco.it, ou on peut aussi parquer au garage communal, situ\u00e9 peu avant Piazzale Roma. https:\/\/www.innvenice.com\/Auto-e-Parcheggi.htm &nbsp; DEPUIS PIAZZALE ROMA Depuis le\u00a0 Piazzale Roma (GARE DES AUTOBUS) il faut prendre les&#8230;<\/p>\n<p><a class=\"more-link\" href=\"https:\/\/www.hotelcanobilecorner.it\/fr\/emplacement\/\">Read More<\/a><\/p>\n","protected":false},"author":1,"featured_media":0,"parent":0,"menu_order":0,"comment_status":"closed","ping_status":"closed","template":"","meta":[],"yoast_head":"<!-- This site is optimized with the Yoast SEO plugin v17.8 - https:\/\/yoast.com\/wordpress\/plugins\/seo\/ -->\n<title>Emplacement - Hotel Ca&#039; Nobile Corner<\/title>\n<meta name=\"description\" content=\"Comment Arriver &nbsp; EN VOITURE On peut parquer la voiture pr\u00e8s du garage SAN MARCO, au prix de 30 eur a peu pr\u00e8s par jour. Possibilit\u00e9 de reserver une\" \/>\n<meta name=\"robots\" content=\"index, follow, max-snippet:-1, max-image-preview:large, max-video-preview:-1\" \/>\n<link rel=\"canonical\" href=\"https:\/\/www.hotelcanobilecorner.it\/fr\/emplacement\/\" \/>\n<meta property=\"og:locale\" content=\"fr_FR\" \/>\n<meta property=\"og:type\" content=\"article\" \/>\n<meta property=\"og:title\" content=\"Emplacement - Hotel Ca&#039; Nobile Corner\" \/>\n<meta property=\"og:description\" content=\"Comment Arriver &nbsp; EN VOITURE On peut parquer la voiture pr\u00e8s du garage SAN MARCO, au prix de 30 eur a peu pr\u00e8s par jour. Possibilit\u00e9 de reserver une\" \/>\n<meta property=\"og:url\" content=\"https:\/\/www.hotelcanobilecorner.it\/fr\/emplacement\/\" \/>\n<meta property=\"og:site_name\" content=\"Hotel Ca&#039; Nobile Corner\" \/>\n<meta property=\"article:modified_time\" content=\"2017-04-28T13:01:20+00:00\" \/>\n<meta name=\"twitter:card\" content=\"summary\" \/>\n<meta name=\"twitter:label1\" content=\"Est. reading time\" \/>\n\t<meta name=\"twitter:data1\" content=\"3 minutes\" \/>\n<script type=\"application\/ld+json\" class=\"yoast-schema-graph\">{\"@context\":\"https:\/\/schema.org\",\"@graph\":[{\"@type\":\"WebSite\",\"@id\":\"https:\/\/www.hotelcanobilecorner.it\/#website\",\"url\":\"https:\/\/www.hotelcanobilecorner.it\/\",\"name\":\"Hotel Ca&#039; Nobile Corner\",\"description\":\"\",\"potentialAction\":[{\"@type\":\"SearchAction\",\"target\":{\"@type\":\"EntryPoint\",\"urlTemplate\":\"https:\/\/www.hotelcanobilecorner.it\/?s={search_term_string}\"},\"query-input\":\"required name=search_term_string\"}],\"inLanguage\":\"fr-FR\"},{\"@type\":\"WebPage\",\"@id\":\"https:\/\/www.hotelcanobilecorner.it\/fr\/emplacement\/#webpage\",\"url\":\"https:\/\/www.hotelcanobilecorner.it\/fr\/emplacement\/\",\"name\":\"Emplacement - Hotel Ca&#039; Nobile Corner\",\"isPartOf\":{\"@id\":\"https:\/\/www.hotelcanobilecorner.it\/#website\"},\"datePublished\":\"2017-03-15T11:31:57+00:00\",\"dateModified\":\"2017-04-28T13:01:20+00:00\",\"description\":\"Comment Arriver &nbsp; EN VOITURE On peut parquer la voiture pr\\u00e8s du garage SAN MARCO, au prix de 30 eur a peu pr\\u00e8s par jour. Possibilit\\u00e9 de reserver une\",\"breadcrumb\":{\"@id\":\"https:\/\/www.hotelcanobilecorner.it\/fr\/emplacement\/#breadcrumb\"},\"inLanguage\":\"fr-FR\",\"potentialAction\":[{\"@type\":\"ReadAction\",\"target\":[\"https:\/\/www.hotelcanobilecorner.it\/fr\/emplacement\/\"]}]},{\"@type\":\"BreadcrumbList\",\"@id\":\"https:\/\/www.hotelcanobilecorner.it\/fr\/emplacement\/#breadcrumb\",\"itemListElement\":[{\"@type\":\"ListItem\",\"position\":1,\"name\":\"Home\",\"item\":\"https:\/\/www.hotelcanobilecorner.it\/fr\/\"},{\"@type\":\"ListItem\",\"position\":2,\"name\":\"Emplacement\"}]}]}<\/script>\n<!-- \/ Yoast SEO plugin. -->","yoast_head_json":{"title":"Emplacement - Hotel Ca&#039; Nobile Corner","description":"Comment Arriver &nbsp; EN VOITURE On peut parquer la voiture pr\u00e8s du garage SAN MARCO, au prix de 30 eur a peu pr\u00e8s par jour. Possibilit\u00e9 de reserver une","robots":{"index":"index","follow":"follow","max-snippet":"max-snippet:-1","max-image-preview":"max-image-preview:large","max-video-preview":"max-video-preview:-1"},"canonical":"https:\/\/www.hotelcanobilecorner.it\/fr\/emplacement\/","og_locale":"fr_FR","og_type":"article","og_title":"Emplacement - Hotel Ca&#039; Nobile Corner","og_description":"Comment Arriver &nbsp; EN VOITURE On peut parquer la voiture pr\u00e8s du garage SAN MARCO, au prix de 30 eur a peu pr\u00e8s par jour. Possibilit\u00e9 de reserver une","og_url":"https:\/\/www.hotelcanobilecorner.it\/fr\/emplacement\/","og_site_name":"Hotel Ca&#039; Nobile Corner","article_modified_time":"2017-04-28T13:01:20+00:00","twitter_card":"summary","twitter_misc":{"Est. reading time":"3 minutes"},"schema":{"@context":"https:\/\/schema.org","@graph":[{"@type":"WebSite","@id":"https:\/\/www.hotelcanobilecorner.it\/#website","url":"https:\/\/www.hotelcanobilecorner.it\/","name":"Hotel Ca&#039; Nobile Corner","description":"","potentialAction":[{"@type":"SearchAction","target":{"@type":"EntryPoint","urlTemplate":"https:\/\/www.hotelcanobilecorner.it\/?s={search_term_string}"},"query-input":"required name=search_term_string"}],"inLanguage":"fr-FR"},{"@type":"WebPage","@id":"https:\/\/www.hotelcanobilecorner.it\/fr\/emplacement\/#webpage","url":"https:\/\/www.hotelcanobilecorner.it\/fr\/emplacement\/","name":"Emplacement - Hotel Ca&#039; Nobile Corner","isPartOf":{"@id":"https:\/\/www.hotelcanobilecorner.it\/#website"},"datePublished":"2017-03-15T11:31:57+00:00","dateModified":"2017-04-28T13:01:20+00:00","description":"Comment Arriver &nbsp; EN VOITURE On peut parquer la voiture pr\u00e8s du garage SAN MARCO, au prix de 30 eur a peu pr\u00e8s par jour. Possibilit\u00e9 de reserver une","breadcrumb":{"@id":"https:\/\/www.hotelcanobilecorner.it\/fr\/emplacement\/#breadcrumb"},"inLanguage":"fr-FR","potentialAction":[{"@type":"ReadAction","target":["https:\/\/www.hotelcanobilecorner.it\/fr\/emplacement\/"]}]},{"@type":"BreadcrumbList","@id":"https:\/\/www.hotelcanobilecorner.it\/fr\/emplacement\/#breadcrumb","itemListElement":[{"@type":"ListItem","position":1,"name":"Home","item":"https:\/\/www.hotelcanobilecorner.it\/fr\/"},{"@type":"ListItem","position":2,"name":"Emplacement"}]}]}},"_links":{"self":[{"href":"https:\/\/www.hotelcanobilecorner.it\/fr\/wp-json\/wp\/v2\/pages\/369"}],"collection":[{"href":"https:\/\/www.hotelcanobilecorner.it\/fr\/wp-json\/wp\/v2\/pages"}],"about":[{"href":"https:\/\/www.hotelcanobilecorner.it\/fr\/wp-json\/wp\/v2\/types\/page"}],"author":[{"embeddable":true,"href":"https:\/\/www.hotelcanobilecorner.it\/fr\/wp-json\/wp\/v2\/users\/1"}],"replies":[{"embeddable":true,"href":"https:\/\/www.hotelcanobilecorner.it\/fr\/wp-json\/wp\/v2\/comments?post=369"}],"version-history":[{"count":2,"href":"https:\/\/www.hotelcanobilecorner.it\/fr\/wp-json\/wp\/v2\/pages\/369\/revisions"}],"predecessor-version":[{"id":448,"href":"https:\/\/www.hotelcanobilecorner.it\/fr\/wp-json\/wp\/v2\/pages\/369\/revisions\/448"}],"wp:attachment":[{"href":"https:\/\/www.hotelcanobilecorner.it\/fr\/wp-json\/wp\/v2\/media?parent=369"}],"curies":[{"name":"wp","href":"https:\/\/api.w.org\/{rel}","templated":true}]}}