{"id":394,"date":"2017-03-17T15:43:10","date_gmt":"2017-03-17T14:43:10","guid":{"rendered":"http:\/\/www.hotelcanobilecorner.it\/chambres\/"},"modified":"2018-09-17T11:05:02","modified_gmt":"2018-09-17T09:05:02","slug":"chambres","status":"publish","type":"page","link":"https:\/\/www.hotelcanobilecorner.it\/fr\/chambres\/","title":{"rendered":"Chambres"},"content":{"rendered":"<div class=\"col-xs-12 col-md-6\">\n<p><a href=\"https:\/\/www.hotelcanobilecorner.it\/fr\/chambres\/chambre-classique\/\"><img loading=\"lazy\" class=\"aligncenter size-large wp-image-272\" src=\"https:\/\/www.hotelcanobilecorner.it\/wp-content\/uploads\/2017\/02\/canobile-8804-rid-1024x576.jpg\" alt=\"\" width=\"1024\" height=\"576\" srcset=\"https:\/\/www.hotelcanobilecorner.it\/wp-content\/uploads\/2017\/02\/canobile-8804-rid-1024x576.jpg 1024w, https:\/\/www.hotelcanobilecorner.it\/wp-content\/uploads\/2017\/02\/canobile-8804-rid-300x169.jpg 300w, https:\/\/www.hotelcanobilecorner.it\/wp-content\/uploads\/2017\/02\/canobile-8804-rid-768x432.jpg 768w, https:\/\/www.hotelcanobilecorner.it\/wp-content\/uploads\/2017\/02\/canobile-8804-rid.jpg 1200w\" sizes=\"(max-width: 1024px) 100vw, 1024px\" \/><\/a><\/p>\n<h3 class=\"title\" style=\"text-align: center;\"><a href=\"https:\/\/www.hotelcanobilecorner.it\/fr\/chambres\/chambre-classique\/\">Chambre Classique<\/a><\/h3>\n<\/div>\n<div class=\"col-xs-12 col-md-6\">\n<p><a href=\"https:\/\/www.hotelcanobilecorner.it\/fr\/chambres\/chambre-superior\/\"><img loading=\"lazy\" class=\"aligncenter size-large wp-image-70\" src=\"https:\/\/www.hotelcanobilecorner.it\/wp-content\/uploads\/2017\/02\/canobile-gallery-2560-1024x576.jpg\" alt=\"\" width=\"1024\" height=\"576\" srcset=\"https:\/\/www.hotelcanobilecorner.it\/wp-content\/uploads\/2017\/02\/canobile-gallery-2560-1024x576.jpg 1024w, https:\/\/www.hotelcanobilecorner.it\/wp-content\/uploads\/2017\/02\/canobile-gallery-2560-300x169.jpg 300w, https:\/\/www.hotelcanobilecorner.it\/wp-content\/uploads\/2017\/02\/canobile-gallery-2560-768x432.jpg 768w, https:\/\/www.hotelcanobilecorner.it\/wp-content\/uploads\/2017\/02\/canobile-gallery-2560.jpg 1200w\" sizes=\"(max-width: 1024px) 100vw, 1024px\" \/><\/a><\/p>\n<h3 class=\"title\" style=\"text-align: center;\"><a href=\"https:\/\/www.hotelcanobilecorner.it\/fr\/chambres\/chambre-superior\/\">Chambre Superior<\/a><\/h3>\n<\/div>\n<div class=\"col-xs-12 col-md-6\">\n<p><a href=\"https:\/\/www.hotelcanobilecorner.it\/fr\/chambres\/chambre-superior-avec-salle-de-bain-privee-exterieure\/\"><img loading=\"lazy\" class=\"alignnone wp-image-565 size-large\" src=\"https:\/\/www.hotelcanobilecorner.it\/wp-content\/uploads\/2018\/09\/20180419_172549-1024-1024x576.jpg\" alt=\"\" width=\"1024\" height=\"576\" srcset=\"https:\/\/www.hotelcanobilecorner.it\/wp-content\/uploads\/2018\/09\/20180419_172549-1024.jpg 1024w, https:\/\/www.hotelcanobilecorner.it\/wp-content\/uploads\/2018\/09\/20180419_172549-1024-300x169.jpg 300w, https:\/\/www.hotelcanobilecorner.it\/wp-content\/uploads\/2018\/09\/20180419_172549-1024-768x432.jpg 768w\" sizes=\"(max-width: 1024px) 100vw, 1024px\" \/><\/a><\/p>\n<h3 class=\"title\" style=\"text-align: center;\"><a href=\"https:\/\/www.hotelcanobilecorner.it\/fr\/chambres\/chambre-superior-avec-salle-de-bain-privee-exterieure\/\">Superior avec Salle de Bain Priv\u00e9e Ext.<\/a><\/h3>\n<\/div>\n<div class=\"col-xs-12 col-md-6\">\n<p><a href=\"https:\/\/www.hotelcanobilecorner.it\/fr\/chambres\/junior-suite\/\"><img loading=\"lazy\" src=\"https:\/\/www.hotelcanobilecorner.it\/wp-content\/uploads\/2017\/02\/junior-1024x576.jpg\" alt=\"\" width=\"1024\" height=\"576\" class=\"alignnone size-large wp-image-521\" srcset=\"https:\/\/www.hotelcanobilecorner.it\/wp-content\/uploads\/2017\/02\/junior.jpg 1024w, https:\/\/www.hotelcanobilecorner.it\/wp-content\/uploads\/2017\/02\/junior-300x169.jpg 300w, https:\/\/www.hotelcanobilecorner.it\/wp-content\/uploads\/2017\/02\/junior-768x432.jpg 768w\" sizes=\"(max-width: 1024px) 100vw, 1024px\" \/><\/a><\/p>\n<h3 class=\"title\" style=\"text-align: center;\"><a href=\"https:\/\/www.hotelcanobilecorner.it\/fr\/chambres\/junior-suite\/\">Junior Suite<\/a><\/h3>\n<\/div>\n<div class=\"col-xs-12 col-md-6\">\n<p><a href=\"https:\/\/www.hotelcanobilecorner.it\/fr\/chambres\/deluxe-suite\/\"><img loading=\"lazy\" src=\"https:\/\/www.hotelcanobilecorner.it\/wp-content\/uploads\/2017\/02\/deluxe-suite2-2451-1024x576.jpg\" alt=\"\" width=\"1024\" height=\"576\" class=\"aligncenter size-large wp-image-435\" srcset=\"https:\/\/www.hotelcanobilecorner.it\/wp-content\/uploads\/2017\/02\/deluxe-suite2-2451-1024x576.jpg 1024w, https:\/\/www.hotelcanobilecorner.it\/wp-content\/uploads\/2017\/02\/deluxe-suite2-2451-300x169.jpg 300w, https:\/\/www.hotelcanobilecorner.it\/wp-content\/uploads\/2017\/02\/deluxe-suite2-2451-768x432.jpg 768w, https:\/\/www.hotelcanobilecorner.it\/wp-content\/uploads\/2017\/02\/deluxe-suite2-2451.jpg 1200w\" sizes=\"(max-width: 1024px) 100vw, 1024px\" \/><\/a><\/p>\n<h3 class=\"title\" style=\"text-align: center;\"><a href=\"https:\/\/www.hotelcanobilecorner.it\/fr\/chambres\/deluxe-suite\/\">Deluxe Suite<\/a><\/h3>\n<\/div>\n<div class=\"col-md-12\" style=\"clear:both;\">\n<section id=\"main-booking-form\" style=\"margin-top: 50px;\">\n<div class=\"search-row\" style=\"box-shadow: inset 0 13px 13px -10px rgba(0,0,0,0.3); padding: 21px 0 11px !important;\">\n<h3 class=\"title\" style=\"text-align: center;\">Conditions d&#8217;annulation:<\/h3>\n<p style=\"text-align: center;\"><strong>R\u00e9servation remboursable:<\/strong><br \/>\nen cas d&#8217;annulation jusqu&#8217;\u00e0 7 jours avant la date d&#8217;arriv\u00e9e, aucun frais ne sera factur\u00e9. En cas d&#8217;annulation apr\u00e8s cette date ou non-pr\u00e9sentation \u00e0 la date d&#8217;arriv\u00e9e, seront factur\u00e9s \u00e0 100% de la r\u00e9servation.<\/p>\n<p style=\"text-align: center;\"><strong>R\u00e9servation non remboursable:<\/strong><br \/>le montant total de la r\u00e9servation sera factur\u00e9 avant l&#8217;arriv\u00e9e et en aucun cas rembours\u00e9s<\/p>\n<\/div>\n<\/section>\n<\/div>\n","protected":false},"excerpt":{"rendered":"<p>Chambre Classique Chambre Superior Superior avec Salle de Bain Priv\u00e9e Ext. Junior Suite Deluxe Suite Conditions d&#8217;annulation: R\u00e9servation remboursable: en cas d&#8217;annulation jusqu&#8217;\u00e0 7 jours avant la date d&#8217;arriv\u00e9e, aucun frais ne sera factur\u00e9. En cas d&#8217;annulation apr\u00e8s cette date ou non-pr\u00e9sentation \u00e0 la date d&#8217;arriv\u00e9e, seront factur\u00e9s \u00e0 100% de la r\u00e9servation. R\u00e9servation non remboursable:le montant total de la r\u00e9servation sera factur\u00e9 avant l&#8217;arriv\u00e9e&#8230;<\/p>\n<p><a class=\"more-link\" href=\"https:\/\/www.hotelcanobilecorner.it\/fr\/chambres\/\">Read More<\/a><\/p>\n","protected":false},"author":1,"featured_media":0,"parent":0,"menu_order":0,"comment_status":"closed","ping_status":"closed","template":"","meta":[],"yoast_head":"<!-- This site is optimized with the Yoast SEO plugin v17.8 - https:\/\/yoast.com\/wordpress\/plugins\/seo\/ -->\n<title>Chambres - Hotel Ca&#039; Nobile Corner<\/title>\n<meta name=\"description\" content=\"Chambre Classique Chambre Superior Superior avec Salle de Bain Priv\u00e9e Ext. Junior Suite Deluxe Suite Conditions d&#039;annulation: R\u00e9servation remboursable: en\" \/>\n<meta name=\"robots\" content=\"index, follow, max-snippet:-1, max-image-preview:large, max-video-preview:-1\" \/>\n<link rel=\"canonical\" href=\"https:\/\/www.hotelcanobilecorner.it\/fr\/chambres\/\" \/>\n<meta property=\"og:locale\" content=\"fr_FR\" \/>\n<meta property=\"og:type\" content=\"article\" \/>\n<meta property=\"og:title\" content=\"Chambres - Hotel Ca&#039; Nobile Corner\" \/>\n<meta property=\"og:description\" content=\"Chambre Classique Chambre Superior Superior avec Salle de Bain Priv\u00e9e Ext. Junior Suite Deluxe Suite Conditions d&#039;annulation: R\u00e9servation remboursable: en\" \/>\n<meta property=\"og:url\" content=\"https:\/\/www.hotelcanobilecorner.it\/fr\/chambres\/\" \/>\n<meta property=\"og:site_name\" content=\"Hotel Ca&#039; Nobile Corner\" \/>\n<meta property=\"article:modified_time\" content=\"2018-09-17T09:05:02+00:00\" \/>\n<meta property=\"og:image\" content=\"https:\/\/www.hotelcanobilecorner.it\/wp-content\/uploads\/2017\/02\/canobile-8804-rid-1024x576.jpg\" \/>\n<meta name=\"twitter:card\" content=\"summary\" \/>\n<script type=\"application\/ld+json\" class=\"yoast-schema-graph\">{\"@context\":\"https:\/\/schema.org\",\"@graph\":[{\"@type\":\"WebSite\",\"@id\":\"https:\/\/www.hotelcanobilecorner.it\/#website\",\"url\":\"https:\/\/www.hotelcanobilecorner.it\/\",\"name\":\"Hotel Ca&#039; Nobile Corner\",\"description\":\"\",\"potentialAction\":[{\"@type\":\"SearchAction\",\"target\":{\"@type\":\"EntryPoint\",\"urlTemplate\":\"https:\/\/www.hotelcanobilecorner.it\/?s={search_term_string}\"},\"query-input\":\"required name=search_term_string\"}],\"inLanguage\":\"fr-FR\"},{\"@type\":\"ImageObject\",\"@id\":\"https:\/\/www.hotelcanobilecorner.it\/fr\/chambres\/#primaryimage\",\"inLanguage\":\"fr-FR\",\"url\":\"https:\/\/www.hotelcanobilecorner.it\/wp-content\/uploads\/2017\/02\/canobile-8804-rid.jpg\",\"contentUrl\":\"https:\/\/www.hotelcanobilecorner.it\/wp-content\/uploads\/2017\/02\/canobile-8804-rid.jpg\",\"width\":1200,\"height\":675},{\"@type\":\"WebPage\",\"@id\":\"https:\/\/www.hotelcanobilecorner.it\/fr\/chambres\/#webpage\",\"url\":\"https:\/\/www.hotelcanobilecorner.it\/fr\/chambres\/\",\"name\":\"Chambres - Hotel Ca&#039; Nobile Corner\",\"isPartOf\":{\"@id\":\"https:\/\/www.hotelcanobilecorner.it\/#website\"},\"primaryImageOfPage\":{\"@id\":\"https:\/\/www.hotelcanobilecorner.it\/fr\/chambres\/#primaryimage\"},\"datePublished\":\"2017-03-17T14:43:10+00:00\",\"dateModified\":\"2018-09-17T09:05:02+00:00\",\"description\":\"Chambre Classique Chambre Superior Superior avec Salle de Bain Priv\\u00e9e Ext. Junior Suite Deluxe Suite Conditions d'annulation: R\\u00e9servation remboursable: en\",\"breadcrumb\":{\"@id\":\"https:\/\/www.hotelcanobilecorner.it\/fr\/chambres\/#breadcrumb\"},\"inLanguage\":\"fr-FR\",\"potentialAction\":[{\"@type\":\"ReadAction\",\"target\":[\"https:\/\/www.hotelcanobilecorner.it\/fr\/chambres\/\"]}]},{\"@type\":\"BreadcrumbList\",\"@id\":\"https:\/\/www.hotelcanobilecorner.it\/fr\/chambres\/#breadcrumb\",\"itemListElement\":[{\"@type\":\"ListItem\",\"position\":1,\"name\":\"Home\",\"item\":\"https:\/\/www.hotelcanobilecorner.it\/fr\/\"},{\"@type\":\"ListItem\",\"position\":2,\"name\":\"Chambres\"}]}]}<\/script>\n<!-- \/ Yoast SEO plugin. -->","yoast_head_json":{"title":"Chambres - Hotel Ca&#039; Nobile Corner","description":"Chambre Classique Chambre Superior Superior avec Salle de Bain Priv\u00e9e Ext. Junior Suite Deluxe Suite Conditions d'annulation: R\u00e9servation remboursable: en","robots":{"index":"index","follow":"follow","max-snippet":"max-snippet:-1","max-image-preview":"max-image-preview:large","max-video-preview":"max-video-preview:-1"},"canonical":"https:\/\/www.hotelcanobilecorner.it\/fr\/chambres\/","og_locale":"fr_FR","og_type":"article","og_title":"Chambres - Hotel Ca&#039; Nobile Corner","og_description":"Chambre Classique Chambre Superior Superior avec Salle de Bain Priv\u00e9e Ext. Junior Suite Deluxe Suite Conditions d'annulation: R\u00e9servation remboursable: en","og_url":"https:\/\/www.hotelcanobilecorner.it\/fr\/chambres\/","og_site_name":"Hotel Ca&#039; Nobile Corner","article_modified_time":"2018-09-17T09:05:02+00:00","og_image":[{"url":"https:\/\/www.hotelcanobilecorner.it\/wp-content\/uploads\/2017\/02\/canobile-8804-rid-1024x576.jpg"}],"twitter_card":"summary","schema":{"@context":"https:\/\/schema.org","@graph":[{"@type":"WebSite","@id":"https:\/\/www.hotelcanobilecorner.it\/#website","url":"https:\/\/www.hotelcanobilecorner.it\/","name":"Hotel Ca&#039; Nobile Corner","description":"","potentialAction":[{"@type":"SearchAction","target":{"@type":"EntryPoint","urlTemplate":"https:\/\/www.hotelcanobilecorner.it\/?s={search_term_string}"},"query-input":"required name=search_term_string"}],"inLanguage":"fr-FR"},{"@type":"ImageObject","@id":"https:\/\/www.hotelcanobilecorner.it\/fr\/chambres\/#primaryimage","inLanguage":"fr-FR","url":"https:\/\/www.hotelcanobilecorner.it\/wp-content\/uploads\/2017\/02\/canobile-8804-rid.jpg","contentUrl":"https:\/\/www.hotelcanobilecorner.it\/wp-content\/uploads\/2017\/02\/canobile-8804-rid.jpg","width":1200,"height":675},{"@type":"WebPage","@id":"https:\/\/www.hotelcanobilecorner.it\/fr\/chambres\/#webpage","url":"https:\/\/www.hotelcanobilecorner.it\/fr\/chambres\/","name":"Chambres - Hotel Ca&#039; Nobile Corner","isPartOf":{"@id":"https:\/\/www.hotelcanobilecorner.it\/#website"},"primaryImageOfPage":{"@id":"https:\/\/www.hotelcanobilecorner.it\/fr\/chambres\/#primaryimage"},"datePublished":"2017-03-17T14:43:10+00:00","dateModified":"2018-09-17T09:05:02+00:00","description":"Chambre Classique Chambre Superior Superior avec Salle de Bain Priv\u00e9e Ext. Junior Suite Deluxe Suite Conditions d'annulation: R\u00e9servation remboursable: en","breadcrumb":{"@id":"https:\/\/www.hotelcanobilecorner.it\/fr\/chambres\/#breadcrumb"},"inLanguage":"fr-FR","potentialAction":[{"@type":"ReadAction","target":["https:\/\/www.hotelcanobilecorner.it\/fr\/chambres\/"]}]},{"@type":"BreadcrumbList","@id":"https:\/\/www.hotelcanobilecorner.it\/fr\/chambres\/#breadcrumb","itemListElement":[{"@type":"ListItem","position":1,"name":"Home","item":"https:\/\/www.hotelcanobilecorner.it\/fr\/"},{"@type":"ListItem","position":2,"name":"Chambres"}]}]}},"_links":{"self":[{"href":"https:\/\/www.hotelcanobilecorner.it\/fr\/wp-json\/wp\/v2\/pages\/394"}],"collection":[{"href":"https:\/\/www.hotelcanobilecorner.it\/fr\/wp-json\/wp\/v2\/pages"}],"about":[{"href":"https:\/\/www.hotelcanobilecorner.it\/fr\/wp-json\/wp\/v2\/types\/page"}],"author":[{"embeddable":true,"href":"https:\/\/www.hotelcanobilecorner.it\/fr\/wp-json\/wp\/v2\/users\/1"}],"replies":[{"embeddable":true,"href":"https:\/\/www.hotelcanobilecorner.it\/fr\/wp-json\/wp\/v2\/comments?post=394"}],"version-history":[{"count":9,"href":"https:\/\/www.hotelcanobilecorner.it\/fr\/wp-json\/wp\/v2\/pages\/394\/revisions"}],"predecessor-version":[{"id":572,"href":"https:\/\/www.hotelcanobilecorner.it\/fr\/wp-json\/wp\/v2\/pages\/394\/revisions\/572"}],"wp:attachment":[{"href":"https:\/\/www.hotelcanobilecorner.it\/fr\/wp-json\/wp\/v2\/media?parent=394"}],"curies":[{"name":"wp","href":"https:\/\/api.w.org\/{rel}","templated":true}]}}