{"id":451,"date":"2017-04-10T11:56:41","date_gmt":"2017-04-10T09:56:41","guid":{"rendered":"http:\/\/www.hotelcanobilecorner.it\/chambres\/deluxe-suite\/"},"modified":"2017-04-25T16:56:24","modified_gmt":"2017-04-25T14:56:24","slug":"deluxe-suite","status":"publish","type":"page","link":"https:\/\/www.hotelcanobilecorner.it\/fr\/chambres\/deluxe-suite\/","title":{"rendered":"Deluxe Suite"},"content":{"rendered":"<p style=\"text-align: center;\">Chambre avec 1 lit matrimonial et 1 canap\u00e9-lit.<\/p>\n<p style=\"text-align: center;\">La chambre, spacieuse et lumineuse, dispose d&#8217;une belle fen\u00eatre typique venitienne, nomm\u00e9e \u201cquadrifora\u201d, donnant sur le Campo Santa Margherita<\/p>\n<p style=\"text-align: center;\">Caract\u00e9ristiques de la chambre: bain priv\u00e9 avec bain hydromassage, douche et bidet, air conditionn\u00e9e \/chauffage, avec un sol en \u201cterrazzo venitien\u201d (typique du lieu) et insonoris\u00e9e. Meubl\u00e9e avec bureau, armoire\/garderobe, portemanteau, coffre-fort, minibar, smart TV \u00e0 \u00e9cran plat avec chaines satellitaires, t\u00e9l\u00e9phone, reveil t\u00e9l\u00e9phonique et WIFI gratuit. Pour rendre plus agr\u00e9able vostre sejour, vous trouverez \u00e0 disposition, en plus du necessaire pour la preparation de the et caf\u00e9, aussi un s\u00e8che-cheveux, serviettes, peignoir de bain, produit de bain en homage et pantoufles.<\/p>\n<div class=\"gallery-img-container clearfix\">\n<div class=\"col-xs-6 col-md-6\"><a href=\"https:\/\/www.hotelcanobilecorner.it\/wp-content\/uploads\/2017\/02\/canobile-gallery-2444.jpg\" rel=\"lightbox[camere]\"><img loading=\"lazy\" class=\"aligncenter size-large wp-image-54\" src=\"https:\/\/www.hotelcanobilecorner.it\/wp-content\/uploads\/2017\/02\/canobile-gallery-2444-1024x576.jpg\" alt=\"\" width=\"1024\" height=\"576\" srcset=\"https:\/\/www.hotelcanobilecorner.it\/wp-content\/uploads\/2017\/02\/canobile-gallery-2444-1024x576.jpg 1024w, https:\/\/www.hotelcanobilecorner.it\/wp-content\/uploads\/2017\/02\/canobile-gallery-2444-300x169.jpg 300w, https:\/\/www.hotelcanobilecorner.it\/wp-content\/uploads\/2017\/02\/canobile-gallery-2444-768x432.jpg 768w, https:\/\/www.hotelcanobilecorner.it\/wp-content\/uploads\/2017\/02\/canobile-gallery-2444.jpg 1200w\" sizes=\"(max-width: 1024px) 100vw, 1024px\" \/><\/a><\/div>\n<div class=\"col-xs-6 col-md-6\"><a href=\"https:\/\/www.hotelcanobilecorner.it\/wp-content\/uploads\/2017\/02\/canobile-gallery-2451.jpg\" rel=\"lightbox[camere]\"><img loading=\"lazy\" class=\"aligncenter size-large wp-image-55\" src=\"https:\/\/www.hotelcanobilecorner.it\/wp-content\/uploads\/2017\/02\/canobile-gallery-2451-1024x576.jpg\" alt=\"\" width=\"1024\" height=\"576\" srcset=\"https:\/\/www.hotelcanobilecorner.it\/wp-content\/uploads\/2017\/02\/canobile-gallery-2451-1024x576.jpg 1024w, https:\/\/www.hotelcanobilecorner.it\/wp-content\/uploads\/2017\/02\/canobile-gallery-2451-300x169.jpg 300w, https:\/\/www.hotelcanobilecorner.it\/wp-content\/uploads\/2017\/02\/canobile-gallery-2451-768x432.jpg 768w, https:\/\/www.hotelcanobilecorner.it\/wp-content\/uploads\/2017\/02\/canobile-gallery-2451.jpg 1200w\" sizes=\"(max-width: 1024px) 100vw, 1024px\" \/><\/a><\/div>\n<div class=\"col-xs-6 col-md-6\"><a href=\"https:\/\/www.hotelcanobilecorner.it\/wp-content\/uploads\/2017\/02\/canobile-gallery-2463.jpg\" rel=\"lightbox[camere]\"><img loading=\"lazy\" class=\"aligncenter size-large wp-image-57\" src=\"https:\/\/www.hotelcanobilecorner.it\/wp-content\/uploads\/2017\/02\/canobile-gallery-2463-1024x576.jpg\" alt=\"\" width=\"1024\" height=\"576\" srcset=\"https:\/\/www.hotelcanobilecorner.it\/wp-content\/uploads\/2017\/02\/canobile-gallery-2463-1024x576.jpg 1024w, https:\/\/www.hotelcanobilecorner.it\/wp-content\/uploads\/2017\/02\/canobile-gallery-2463-300x169.jpg 300w, https:\/\/www.hotelcanobilecorner.it\/wp-content\/uploads\/2017\/02\/canobile-gallery-2463-768x432.jpg 768w, https:\/\/www.hotelcanobilecorner.it\/wp-content\/uploads\/2017\/02\/canobile-gallery-2463.jpg 1200w\" sizes=\"(max-width: 1024px) 100vw, 1024px\" \/><\/a><\/div>\n<div class=\"col-xs-6 col-md-6\"><a href=\"https:\/\/www.hotelcanobilecorner.it\/wp-content\/uploads\/2017\/02\/CaNobile-6.jpg\" rel=\"lightbox[camere]\"><img loading=\"lazy\" class=\"aligncenter size-large wp-image-75\" src=\"https:\/\/www.hotelcanobilecorner.it\/wp-content\/uploads\/2017\/02\/CaNobile-6-1024x576.jpg\" alt=\"\" width=\"1024\" height=\"576\" \/><\/a><\/div>\n<\/div>\n","protected":false},"excerpt":{"rendered":"<p>Chambre avec 1 lit matrimonial et 1 canap\u00e9-lit. La chambre, spacieuse et lumineuse, dispose d&#8217;une belle fen\u00eatre typique venitienne, nomm\u00e9e \u201cquadrifora\u201d, donnant sur le Campo Santa Margherita Caract\u00e9ristiques de la chambre: bain priv\u00e9 avec bain hydromassage, douche et bidet, air conditionn\u00e9e \/chauffage, avec un sol en \u201cterrazzo venitien\u201d (typique du lieu) et insonoris\u00e9e. Meubl\u00e9e avec bureau, armoire\/garderobe, portemanteau, coffre-fort, minibar, smart TV \u00e0 \u00e9cran plat&#8230;<\/p>\n<p><a class=\"more-link\" href=\"https:\/\/www.hotelcanobilecorner.it\/fr\/chambres\/deluxe-suite\/\">Read More<\/a><\/p>\n","protected":false},"author":1,"featured_media":0,"parent":394,"menu_order":0,"comment_status":"closed","ping_status":"closed","template":"","meta":[],"yoast_head":"<!-- This site is optimized with the Yoast SEO plugin v17.8 - https:\/\/yoast.com\/wordpress\/plugins\/seo\/ -->\n<title>Deluxe Suite - Hotel Ca&#039; Nobile Corner<\/title>\n<meta name=\"description\" content=\"Chambre avec 1 lit matrimonial et 1 canap\u00e9-lit. La chambre, spacieuse et lumineuse, dispose d&#039;une belle fen\u00eatre typique venitienne, nomm\u00e9e \u201cquadrifora\u201d,\" \/>\n<meta name=\"robots\" content=\"index, follow, max-snippet:-1, max-image-preview:large, max-video-preview:-1\" \/>\n<link rel=\"canonical\" href=\"https:\/\/www.hotelcanobilecorner.it\/fr\/chambres\/deluxe-suite\/\" \/>\n<meta property=\"og:locale\" content=\"fr_FR\" \/>\n<meta property=\"og:type\" content=\"article\" \/>\n<meta property=\"og:title\" content=\"Deluxe Suite - Hotel Ca&#039; Nobile Corner\" \/>\n<meta property=\"og:description\" content=\"Chambre avec 1 lit matrimonial et 1 canap\u00e9-lit. La chambre, spacieuse et lumineuse, dispose d&#039;une belle fen\u00eatre typique venitienne, nomm\u00e9e \u201cquadrifora\u201d,\" \/>\n<meta property=\"og:url\" content=\"https:\/\/www.hotelcanobilecorner.it\/fr\/chambres\/deluxe-suite\/\" \/>\n<meta property=\"og:site_name\" content=\"Hotel Ca&#039; Nobile Corner\" \/>\n<meta property=\"article:modified_time\" content=\"2017-04-25T14:56:24+00:00\" \/>\n<meta property=\"og:image\" content=\"https:\/\/www.hotelcanobilecorner.it\/wp-content\/uploads\/2017\/02\/canobile-gallery-2444-1024x576.jpg\" \/>\n<meta name=\"twitter:card\" content=\"summary\" \/>\n<meta name=\"twitter:label1\" content=\"Est. reading time\" \/>\n\t<meta name=\"twitter:data1\" content=\"1 minute\" \/>\n<script type=\"application\/ld+json\" class=\"yoast-schema-graph\">{\"@context\":\"https:\/\/schema.org\",\"@graph\":[{\"@type\":\"WebSite\",\"@id\":\"https:\/\/www.hotelcanobilecorner.it\/#website\",\"url\":\"https:\/\/www.hotelcanobilecorner.it\/\",\"name\":\"Hotel Ca&#039; Nobile Corner\",\"description\":\"\",\"potentialAction\":[{\"@type\":\"SearchAction\",\"target\":{\"@type\":\"EntryPoint\",\"urlTemplate\":\"https:\/\/www.hotelcanobilecorner.it\/?s={search_term_string}\"},\"query-input\":\"required name=search_term_string\"}],\"inLanguage\":\"fr-FR\"},{\"@type\":\"ImageObject\",\"@id\":\"https:\/\/www.hotelcanobilecorner.it\/fr\/chambres\/deluxe-suite\/#primaryimage\",\"inLanguage\":\"fr-FR\",\"url\":\"https:\/\/www.hotelcanobilecorner.it\/wp-content\/uploads\/2017\/02\/canobile-gallery-2444.jpg\",\"contentUrl\":\"https:\/\/www.hotelcanobilecorner.it\/wp-content\/uploads\/2017\/02\/canobile-gallery-2444.jpg\",\"width\":1200,\"height\":675},{\"@type\":\"WebPage\",\"@id\":\"https:\/\/www.hotelcanobilecorner.it\/fr\/chambres\/deluxe-suite\/#webpage\",\"url\":\"https:\/\/www.hotelcanobilecorner.it\/fr\/chambres\/deluxe-suite\/\",\"name\":\"Deluxe Suite - Hotel Ca&#039; Nobile Corner\",\"isPartOf\":{\"@id\":\"https:\/\/www.hotelcanobilecorner.it\/#website\"},\"primaryImageOfPage\":{\"@id\":\"https:\/\/www.hotelcanobilecorner.it\/fr\/chambres\/deluxe-suite\/#primaryimage\"},\"datePublished\":\"2017-04-10T09:56:41+00:00\",\"dateModified\":\"2017-04-25T14:56:24+00:00\",\"description\":\"Chambre avec 1 lit matrimonial et 1 canap\\u00e9-lit. La chambre, spacieuse et lumineuse, dispose d'une belle fen\\u00eatre typique venitienne, nomm\\u00e9e \\u201cquadrifora\\u201d,\",\"breadcrumb\":{\"@id\":\"https:\/\/www.hotelcanobilecorner.it\/fr\/chambres\/deluxe-suite\/#breadcrumb\"},\"inLanguage\":\"fr-FR\",\"potentialAction\":[{\"@type\":\"ReadAction\",\"target\":[\"https:\/\/www.hotelcanobilecorner.it\/fr\/chambres\/deluxe-suite\/\"]}]},{\"@type\":\"BreadcrumbList\",\"@id\":\"https:\/\/www.hotelcanobilecorner.it\/fr\/chambres\/deluxe-suite\/#breadcrumb\",\"itemListElement\":[{\"@type\":\"ListItem\",\"position\":1,\"name\":\"Home\",\"item\":\"https:\/\/www.hotelcanobilecorner.it\/fr\/\"},{\"@type\":\"ListItem\",\"position\":2,\"name\":\"Chambres\",\"item\":\"https:\/\/www.hotelcanobilecorner.it\/fr\/chambres\/\"},{\"@type\":\"ListItem\",\"position\":3,\"name\":\"Deluxe Suite\"}]}]}<\/script>\n<!-- \/ Yoast SEO plugin. -->","yoast_head_json":{"title":"Deluxe Suite - Hotel Ca&#039; Nobile Corner","description":"Chambre avec 1 lit matrimonial et 1 canap\u00e9-lit. La chambre, spacieuse et lumineuse, dispose d'une belle fen\u00eatre typique venitienne, nomm\u00e9e \u201cquadrifora\u201d,","robots":{"index":"index","follow":"follow","max-snippet":"max-snippet:-1","max-image-preview":"max-image-preview:large","max-video-preview":"max-video-preview:-1"},"canonical":"https:\/\/www.hotelcanobilecorner.it\/fr\/chambres\/deluxe-suite\/","og_locale":"fr_FR","og_type":"article","og_title":"Deluxe Suite - Hotel Ca&#039; Nobile Corner","og_description":"Chambre avec 1 lit matrimonial et 1 canap\u00e9-lit. La chambre, spacieuse et lumineuse, dispose d'une belle fen\u00eatre typique venitienne, nomm\u00e9e \u201cquadrifora\u201d,","og_url":"https:\/\/www.hotelcanobilecorner.it\/fr\/chambres\/deluxe-suite\/","og_site_name":"Hotel Ca&#039; Nobile Corner","article_modified_time":"2017-04-25T14:56:24+00:00","og_image":[{"url":"https:\/\/www.hotelcanobilecorner.it\/wp-content\/uploads\/2017\/02\/canobile-gallery-2444-1024x576.jpg"}],"twitter_card":"summary","twitter_misc":{"Est. reading time":"1 minute"},"schema":{"@context":"https:\/\/schema.org","@graph":[{"@type":"WebSite","@id":"https:\/\/www.hotelcanobilecorner.it\/#website","url":"https:\/\/www.hotelcanobilecorner.it\/","name":"Hotel Ca&#039; Nobile Corner","description":"","potentialAction":[{"@type":"SearchAction","target":{"@type":"EntryPoint","urlTemplate":"https:\/\/www.hotelcanobilecorner.it\/?s={search_term_string}"},"query-input":"required name=search_term_string"}],"inLanguage":"fr-FR"},{"@type":"ImageObject","@id":"https:\/\/www.hotelcanobilecorner.it\/fr\/chambres\/deluxe-suite\/#primaryimage","inLanguage":"fr-FR","url":"https:\/\/www.hotelcanobilecorner.it\/wp-content\/uploads\/2017\/02\/canobile-gallery-2444.jpg","contentUrl":"https:\/\/www.hotelcanobilecorner.it\/wp-content\/uploads\/2017\/02\/canobile-gallery-2444.jpg","width":1200,"height":675},{"@type":"WebPage","@id":"https:\/\/www.hotelcanobilecorner.it\/fr\/chambres\/deluxe-suite\/#webpage","url":"https:\/\/www.hotelcanobilecorner.it\/fr\/chambres\/deluxe-suite\/","name":"Deluxe Suite - Hotel Ca&#039; Nobile Corner","isPartOf":{"@id":"https:\/\/www.hotelcanobilecorner.it\/#website"},"primaryImageOfPage":{"@id":"https:\/\/www.hotelcanobilecorner.it\/fr\/chambres\/deluxe-suite\/#primaryimage"},"datePublished":"2017-04-10T09:56:41+00:00","dateModified":"2017-04-25T14:56:24+00:00","description":"Chambre avec 1 lit matrimonial et 1 canap\u00e9-lit. La chambre, spacieuse et lumineuse, dispose d'une belle fen\u00eatre typique venitienne, nomm\u00e9e \u201cquadrifora\u201d,","breadcrumb":{"@id":"https:\/\/www.hotelcanobilecorner.it\/fr\/chambres\/deluxe-suite\/#breadcrumb"},"inLanguage":"fr-FR","potentialAction":[{"@type":"ReadAction","target":["https:\/\/www.hotelcanobilecorner.it\/fr\/chambres\/deluxe-suite\/"]}]},{"@type":"BreadcrumbList","@id":"https:\/\/www.hotelcanobilecorner.it\/fr\/chambres\/deluxe-suite\/#breadcrumb","itemListElement":[{"@type":"ListItem","position":1,"name":"Home","item":"https:\/\/www.hotelcanobilecorner.it\/fr\/"},{"@type":"ListItem","position":2,"name":"Chambres","item":"https:\/\/www.hotelcanobilecorner.it\/fr\/chambres\/"},{"@type":"ListItem","position":3,"name":"Deluxe Suite"}]}]}},"_links":{"self":[{"href":"https:\/\/www.hotelcanobilecorner.it\/fr\/wp-json\/wp\/v2\/pages\/451"}],"collection":[{"href":"https:\/\/www.hotelcanobilecorner.it\/fr\/wp-json\/wp\/v2\/pages"}],"about":[{"href":"https:\/\/www.hotelcanobilecorner.it\/fr\/wp-json\/wp\/v2\/types\/page"}],"author":[{"embeddable":true,"href":"https:\/\/www.hotelcanobilecorner.it\/fr\/wp-json\/wp\/v2\/users\/1"}],"replies":[{"embeddable":true,"href":"https:\/\/www.hotelcanobilecorner.it\/fr\/wp-json\/wp\/v2\/comments?post=451"}],"version-history":[{"count":4,"href":"https:\/\/www.hotelcanobilecorner.it\/fr\/wp-json\/wp\/v2\/pages\/451\/revisions"}],"predecessor-version":[{"id":496,"href":"https:\/\/www.hotelcanobilecorner.it\/fr\/wp-json\/wp\/v2\/pages\/451\/revisions\/496"}],"up":[{"embeddable":true,"href":"https:\/\/www.hotelcanobilecorner.it\/fr\/wp-json\/wp\/v2\/pages\/394"}],"wp:attachment":[{"href":"https:\/\/www.hotelcanobilecorner.it\/fr\/wp-json\/wp\/v2\/media?parent=451"}],"curies":[{"name":"wp","href":"https:\/\/api.w.org\/{rel}","templated":true}]}}