{"id":549,"date":"2018-09-17T11:02:50","date_gmt":"2018-09-17T09:02:50","guid":{"rendered":"https:\/\/www.hotelcanobilecorner.it\/?page_id=549\/"},"modified":"2018-09-17T11:02:56","modified_gmt":"2018-09-17T09:02:56","slug":"chambre-superior-avec-salle-de-bain-privee-exterieure","status":"publish","type":"page","link":"https:\/\/www.hotelcanobilecorner.it\/fr\/chambres\/chambre-superior-avec-salle-de-bain-privee-exterieure\/","title":{"rendered":"Chambre Superior avec Salle de Bain Priv\u00e9e Ext\u00e9rieure"},"content":{"rendered":"<p style=\"text-align: center;\"> Chambre avec lit matrimonial ou 2 lits separ\u00e9s, bain priv\u00e9 ext\u00e9rieure avec douche et bidet,  air conditionn\u00e9e \/chauffage, avec un sol en \u201cterrazzo venitien\u201d (typique du lieu) et insonoris\u00e9e . Meubl\u00e9e avec bureau, armoire\/garderobe, portemanteau, coffre-fort, minibar, smart TV \u00e0 \u00e9cran plat avec chaines satellitaires, t\u00e9l\u00e9phone, reveil t\u00e9l\u00e9phonique et WIFI gratuit. Pour rendre plus agr\u00e9able votre s\u00e9jour, vous trouverez \u00e0 disposition le n\u00e9cessaire pour la preparation du the et caf\u00e9, un s\u00e8che-cheveux, serviettes, le n\u00e9cessaire de toilette en homage, pegnoirs et chaussons. <\/p>\n<div class=\"gallery-img-container clearfix\">\n<div class=\"col-xs-6 col-md-6\"><a rel=\"lightbox[camere]\" href=\"https:\/\/www.hotelcanobilecorner.it\/wp-content\/uploads\/2017\/02\/20180419_172549.jpg\"><img loading=\"lazy\" src=\"https:\/\/www.hotelcanobilecorner.it\/wp-content\/uploads\/2017\/02\/20180419_172549.jpg\" alt=\"\" width=\"1024\" height=\"576\" class=\"aligncenter size-large wp-image-70\" \/><\/a><\/div>\n<div class=\"col-xs-6 col-md-6\"><a rel=\"lightbox[camere]\" href=\"https:\/\/www.hotelcanobilecorner.it\/wp-content\/uploads\/2017\/02\/20180419_165912.jpg\"><img loading=\"lazy\" src=\"https:\/\/www.hotelcanobilecorner.it\/wp-content\/uploads\/2017\/02\/20180419_165912.jpg\" alt=\"\" width=\"1024\" height=\"576\" class=\"aligncenter size-large wp-image-71\" \/><\/a><\/div>\n<div class=\"col-xs-6 col-md-6\"><a rel=\"lightbox[camere]\" href=\"https:\/\/www.hotelcanobilecorner.it\/wp-content\/uploads\/2017\/02\/20180419_165816_8_bestshot-002.jpg\"><img loading=\"lazy\" src=\"https:\/\/www.hotelcanobilecorner.it\/wp-content\/uploads\/2017\/02\/20180419_165816_8_bestshot-002.jpg\" alt=\"\" width=\"1024\" height=\"576\" class=\"aligncenter size-large wp-image-72\" \/><\/a><\/div>\n<div class=\"col-xs-6 col-md-6\"><a rel=\"lightbox[camere]\" href=\"https:\/\/www.hotelcanobilecorner.it\/wp-content\/uploads\/2017\/02\/20180419_165408-002.jpg\"><img loading=\"lazy\" src=\"https:\/\/www.hotelcanobilecorner.it\/wp-content\/uploads\/2017\/02\/20180419_165408-002.jpg\" alt=\"\" width=\"1024\" height=\"576\" class=\"aligncenter size-large wp-image-81\" \/><\/a><\/div>\n<\/div>\n","protected":false},"excerpt":{"rendered":"<p>Chambre avec lit matrimonial ou 2 lits separ\u00e9s, bain priv\u00e9 ext\u00e9rieure avec douche et bidet, air conditionn\u00e9e \/chauffage, avec un sol en \u201cterrazzo venitien\u201d (typique du lieu) et insonoris\u00e9e . Meubl\u00e9e avec bureau, armoire\/garderobe, portemanteau, coffre-fort, minibar, smart TV \u00e0 \u00e9cran plat avec chaines satellitaires, t\u00e9l\u00e9phone, reveil t\u00e9l\u00e9phonique et WIFI gratuit. Pour rendre plus agr\u00e9able votre s\u00e9jour, vous trouverez \u00e0 disposition le n\u00e9cessaire pour la&#8230;<\/p>\n<p><a class=\"more-link\" href=\"https:\/\/www.hotelcanobilecorner.it\/fr\/chambres\/chambre-superior-avec-salle-de-bain-privee-exterieure\/\">Read More<\/a><\/p>\n","protected":false},"author":1,"featured_media":0,"parent":394,"menu_order":0,"comment_status":"closed","ping_status":"closed","template":"","meta":[],"yoast_head":"<!-- This site is optimized with the Yoast SEO plugin v17.8 - https:\/\/yoast.com\/wordpress\/plugins\/seo\/ -->\n<title>Chambre Superior avec Salle de Bain Priv\u00e9e Ext\u00e9rieure - Hotel Ca&#039; Nobile Corner<\/title>\n<meta name=\"description\" content=\"Chambre avec lit matrimonial ou 2 lits separ\u00e9s, bain priv\u00e9 ext\u00e9rieure avec douche et bidet, air conditionn\u00e9e \/chauffage, avec un sol en \u201cterrazzo\" \/>\n<meta name=\"robots\" content=\"index, follow, max-snippet:-1, max-image-preview:large, max-video-preview:-1\" \/>\n<link rel=\"canonical\" href=\"https:\/\/www.hotelcanobilecorner.it\/fr\/chambres\/chambre-superior-avec-salle-de-bain-privee-exterieure\/\" \/>\n<meta property=\"og:locale\" content=\"fr_FR\" \/>\n<meta property=\"og:type\" content=\"article\" \/>\n<meta property=\"og:title\" content=\"Chambre Superior avec Salle de Bain Priv\u00e9e Ext\u00e9rieure - Hotel Ca&#039; Nobile Corner\" \/>\n<meta property=\"og:description\" content=\"Chambre avec lit matrimonial ou 2 lits separ\u00e9s, bain priv\u00e9 ext\u00e9rieure avec douche et bidet, air conditionn\u00e9e \/chauffage, avec un sol en \u201cterrazzo\" \/>\n<meta property=\"og:url\" content=\"https:\/\/www.hotelcanobilecorner.it\/fr\/chambres\/chambre-superior-avec-salle-de-bain-privee-exterieure\/\" \/>\n<meta property=\"og:site_name\" content=\"Hotel Ca&#039; Nobile Corner\" \/>\n<meta property=\"article:modified_time\" content=\"2018-09-17T09:02:56+00:00\" \/>\n<meta property=\"og:image\" content=\"https:\/\/www.hotelcanobilecorner.it\/wp-content\/uploads\/2017\/02\/20180419_172549.jpg\" \/>\n<meta name=\"twitter:card\" content=\"summary\" \/>\n<script type=\"application\/ld+json\" class=\"yoast-schema-graph\">{\"@context\":\"https:\/\/schema.org\",\"@graph\":[{\"@type\":\"WebSite\",\"@id\":\"https:\/\/www.hotelcanobilecorner.it\/#website\",\"url\":\"https:\/\/www.hotelcanobilecorner.it\/\",\"name\":\"Hotel Ca&#039; Nobile Corner\",\"description\":\"\",\"potentialAction\":[{\"@type\":\"SearchAction\",\"target\":{\"@type\":\"EntryPoint\",\"urlTemplate\":\"https:\/\/www.hotelcanobilecorner.it\/?s={search_term_string}\"},\"query-input\":\"required name=search_term_string\"}],\"inLanguage\":\"fr-FR\"},{\"@type\":\"ImageObject\",\"@id\":\"https:\/\/www.hotelcanobilecorner.it\/fr\/chambres\/chambre-superior-avec-salle-de-bain-privee-exterieure\/#primaryimage\",\"inLanguage\":\"fr-FR\",\"url\":\"https:\/\/www.hotelcanobilecorner.it\/wp-content\/uploads\/2017\/02\/20180419_172549.jpg\",\"contentUrl\":\"https:\/\/www.hotelcanobilecorner.it\/wp-content\/uploads\/2017\/02\/20180419_172549.jpg\",\"width\":1400,\"height\":1050},{\"@type\":\"WebPage\",\"@id\":\"https:\/\/www.hotelcanobilecorner.it\/fr\/chambres\/chambre-superior-avec-salle-de-bain-privee-exterieure\/#webpage\",\"url\":\"https:\/\/www.hotelcanobilecorner.it\/fr\/chambres\/chambre-superior-avec-salle-de-bain-privee-exterieure\/\",\"name\":\"Chambre Superior avec Salle de Bain Priv\\u00e9e Ext\\u00e9rieure - Hotel Ca&#039; Nobile Corner\",\"isPartOf\":{\"@id\":\"https:\/\/www.hotelcanobilecorner.it\/#website\"},\"primaryImageOfPage\":{\"@id\":\"https:\/\/www.hotelcanobilecorner.it\/fr\/chambres\/chambre-superior-avec-salle-de-bain-privee-exterieure\/#primaryimage\"},\"datePublished\":\"2018-09-17T09:02:50+00:00\",\"dateModified\":\"2018-09-17T09:02:56+00:00\",\"description\":\"Chambre avec lit matrimonial ou 2 lits separ\\u00e9s, bain priv\\u00e9 ext\\u00e9rieure avec douche et bidet, air conditionn\\u00e9e \/chauffage, avec un sol en \\u201cterrazzo\",\"breadcrumb\":{\"@id\":\"https:\/\/www.hotelcanobilecorner.it\/fr\/chambres\/chambre-superior-avec-salle-de-bain-privee-exterieure\/#breadcrumb\"},\"inLanguage\":\"fr-FR\",\"potentialAction\":[{\"@type\":\"ReadAction\",\"target\":[\"https:\/\/www.hotelcanobilecorner.it\/fr\/chambres\/chambre-superior-avec-salle-de-bain-privee-exterieure\/\"]}]},{\"@type\":\"BreadcrumbList\",\"@id\":\"https:\/\/www.hotelcanobilecorner.it\/fr\/chambres\/chambre-superior-avec-salle-de-bain-privee-exterieure\/#breadcrumb\",\"itemListElement\":[{\"@type\":\"ListItem\",\"position\":1,\"name\":\"Home\",\"item\":\"https:\/\/www.hotelcanobilecorner.it\/fr\/\"},{\"@type\":\"ListItem\",\"position\":2,\"name\":\"Chambres\",\"item\":\"https:\/\/www.hotelcanobilecorner.it\/fr\/chambres\/\"},{\"@type\":\"ListItem\",\"position\":3,\"name\":\"Chambre Superior avec Salle de Bain Priv\\u00e9e Ext\\u00e9rieure\"}]}]}<\/script>\n<!-- \/ Yoast SEO plugin. -->","yoast_head_json":{"title":"Chambre Superior avec Salle de Bain Priv\u00e9e Ext\u00e9rieure - Hotel Ca&#039; Nobile Corner","description":"Chambre avec lit matrimonial ou 2 lits separ\u00e9s, bain priv\u00e9 ext\u00e9rieure avec douche et bidet, air conditionn\u00e9e \/chauffage, avec un sol en \u201cterrazzo","robots":{"index":"index","follow":"follow","max-snippet":"max-snippet:-1","max-image-preview":"max-image-preview:large","max-video-preview":"max-video-preview:-1"},"canonical":"https:\/\/www.hotelcanobilecorner.it\/fr\/chambres\/chambre-superior-avec-salle-de-bain-privee-exterieure\/","og_locale":"fr_FR","og_type":"article","og_title":"Chambre Superior avec Salle de Bain Priv\u00e9e Ext\u00e9rieure - Hotel Ca&#039; Nobile Corner","og_description":"Chambre avec lit matrimonial ou 2 lits separ\u00e9s, bain priv\u00e9 ext\u00e9rieure avec douche et bidet, air conditionn\u00e9e \/chauffage, avec un sol en \u201cterrazzo","og_url":"https:\/\/www.hotelcanobilecorner.it\/fr\/chambres\/chambre-superior-avec-salle-de-bain-privee-exterieure\/","og_site_name":"Hotel Ca&#039; Nobile Corner","article_modified_time":"2018-09-17T09:02:56+00:00","og_image":[{"url":"https:\/\/www.hotelcanobilecorner.it\/wp-content\/uploads\/2017\/02\/20180419_172549.jpg"}],"twitter_card":"summary","schema":{"@context":"https:\/\/schema.org","@graph":[{"@type":"WebSite","@id":"https:\/\/www.hotelcanobilecorner.it\/#website","url":"https:\/\/www.hotelcanobilecorner.it\/","name":"Hotel Ca&#039; Nobile Corner","description":"","potentialAction":[{"@type":"SearchAction","target":{"@type":"EntryPoint","urlTemplate":"https:\/\/www.hotelcanobilecorner.it\/?s={search_term_string}"},"query-input":"required name=search_term_string"}],"inLanguage":"fr-FR"},{"@type":"ImageObject","@id":"https:\/\/www.hotelcanobilecorner.it\/fr\/chambres\/chambre-superior-avec-salle-de-bain-privee-exterieure\/#primaryimage","inLanguage":"fr-FR","url":"https:\/\/www.hotelcanobilecorner.it\/wp-content\/uploads\/2017\/02\/20180419_172549.jpg","contentUrl":"https:\/\/www.hotelcanobilecorner.it\/wp-content\/uploads\/2017\/02\/20180419_172549.jpg","width":1400,"height":1050},{"@type":"WebPage","@id":"https:\/\/www.hotelcanobilecorner.it\/fr\/chambres\/chambre-superior-avec-salle-de-bain-privee-exterieure\/#webpage","url":"https:\/\/www.hotelcanobilecorner.it\/fr\/chambres\/chambre-superior-avec-salle-de-bain-privee-exterieure\/","name":"Chambre Superior avec Salle de Bain Priv\u00e9e Ext\u00e9rieure - Hotel Ca&#039; Nobile Corner","isPartOf":{"@id":"https:\/\/www.hotelcanobilecorner.it\/#website"},"primaryImageOfPage":{"@id":"https:\/\/www.hotelcanobilecorner.it\/fr\/chambres\/chambre-superior-avec-salle-de-bain-privee-exterieure\/#primaryimage"},"datePublished":"2018-09-17T09:02:50+00:00","dateModified":"2018-09-17T09:02:56+00:00","description":"Chambre avec lit matrimonial ou 2 lits separ\u00e9s, bain priv\u00e9 ext\u00e9rieure avec douche et bidet, air conditionn\u00e9e \/chauffage, avec un sol en \u201cterrazzo","breadcrumb":{"@id":"https:\/\/www.hotelcanobilecorner.it\/fr\/chambres\/chambre-superior-avec-salle-de-bain-privee-exterieure\/#breadcrumb"},"inLanguage":"fr-FR","potentialAction":[{"@type":"ReadAction","target":["https:\/\/www.hotelcanobilecorner.it\/fr\/chambres\/chambre-superior-avec-salle-de-bain-privee-exterieure\/"]}]},{"@type":"BreadcrumbList","@id":"https:\/\/www.hotelcanobilecorner.it\/fr\/chambres\/chambre-superior-avec-salle-de-bain-privee-exterieure\/#breadcrumb","itemListElement":[{"@type":"ListItem","position":1,"name":"Home","item":"https:\/\/www.hotelcanobilecorner.it\/fr\/"},{"@type":"ListItem","position":2,"name":"Chambres","item":"https:\/\/www.hotelcanobilecorner.it\/fr\/chambres\/"},{"@type":"ListItem","position":3,"name":"Chambre Superior avec Salle de Bain Priv\u00e9e Ext\u00e9rieure"}]}]}},"_links":{"self":[{"href":"https:\/\/www.hotelcanobilecorner.it\/fr\/wp-json\/wp\/v2\/pages\/549"}],"collection":[{"href":"https:\/\/www.hotelcanobilecorner.it\/fr\/wp-json\/wp\/v2\/pages"}],"about":[{"href":"https:\/\/www.hotelcanobilecorner.it\/fr\/wp-json\/wp\/v2\/types\/page"}],"author":[{"embeddable":true,"href":"https:\/\/www.hotelcanobilecorner.it\/fr\/wp-json\/wp\/v2\/users\/1"}],"replies":[{"embeddable":true,"href":"https:\/\/www.hotelcanobilecorner.it\/fr\/wp-json\/wp\/v2\/comments?post=549"}],"version-history":[{"count":1,"href":"https:\/\/www.hotelcanobilecorner.it\/fr\/wp-json\/wp\/v2\/pages\/549\/revisions"}],"predecessor-version":[{"id":558,"href":"https:\/\/www.hotelcanobilecorner.it\/fr\/wp-json\/wp\/v2\/pages\/549\/revisions\/558"}],"up":[{"embeddable":true,"href":"https:\/\/www.hotelcanobilecorner.it\/fr\/wp-json\/wp\/v2\/pages\/394"}],"wp:attachment":[{"href":"https:\/\/www.hotelcanobilecorner.it\/fr\/wp-json\/wp\/v2\/media?parent=549"}],"curies":[{"name":"wp","href":"https:\/\/api.w.org\/{rel}","templated":true}]}}